{"id":78,"date":"2023-11-05T14:16:59","date_gmt":"2023-11-05T14:16:59","guid":{"rendered":"https:\/\/efa53.fr\/wordpress\/?page_id=78"},"modified":"2025-10-22T20:48:02","modified_gmt":"2025-10-22T20:48:02","slug":"nos-activites","status":"publish","type":"page","link":"https:\/\/efa53.fr\/wordpress\/index.php\/nos-activites\/","title":{"rendered":"Activit\u00e9s"},"content":{"rendered":"\n<p class=\"has-medium-font-size\"><strong>Nos activit\u00e9s pour les adh\u00e9rents<\/strong><\/p>\n\n\n\n<div class=\"wp-block-columns is-layout-flex wp-container-core-columns-is-layout-9d6595d7 wp-block-columns-is-layout-flex\">\n<div class=\"wp-block-column is-vertically-aligned-center is-layout-flow wp-block-column-is-layout-flow\" style=\"flex-basis:25%\">\n<figure class=\"wp-block-image alignwide size-full is-style-default\"><img loading=\"lazy\" decoding=\"async\" width=\"1600\" height=\"1200\" src=\"https:\/\/efa53.fr\/wordpress\/wp-content\/uploads\/2025\/02\/pique-nique-pour-site.jpg\" alt=\"\" class=\"wp-image-888\" srcset=\"https:\/\/efa53.fr\/wordpress\/wp-content\/uploads\/2025\/02\/pique-nique-pour-site.jpg 1600w, https:\/\/efa53.fr\/wordpress\/wp-content\/uploads\/2025\/02\/pique-nique-pour-site-300x225.jpg 300w, https:\/\/efa53.fr\/wordpress\/wp-content\/uploads\/2025\/02\/pique-nique-pour-site-1024x768.jpg 1024w, https:\/\/efa53.fr\/wordpress\/wp-content\/uploads\/2025\/02\/pique-nique-pour-site-768x576.jpg 768w, https:\/\/efa53.fr\/wordpress\/wp-content\/uploads\/2025\/02\/pique-nique-pour-site-1536x1152.jpg 1536w\" sizes=\"auto, (max-width: 1600px) 100vw, 1600px\" \/><\/figure>\n<\/div>\n\n\n\n<div class=\"wp-block-column is-vertically-aligned-center is-layout-flow wp-block-column-is-layout-flow\" style=\"flex-basis:80%\">\n<ul class=\"wp-block-list\">\n<li class=\"has-medium-font-size\">Pique-nique: <\/li>\n<\/ul>\n\n\n\n<p>Chaque ann\u00e9e, en septembre, un pique-nique est organis\u00e9 pour permettre \u00e0 tous de se rencontrer dans un lieu ext\u00e9rieur et convivial : refuge de l&rsquo;Arche de Ch\u00e2teau-Gontier, plan d&rsquo;eau de Peuton, parc animalier du Genest St Isle &#8230; Cette ann\u00e9e, nous nous sommes retrouv\u00e9s au Swin golf de Quelaines, avons pique-niqu\u00e9 ensemble puis particip\u00e9 \u00e0 des olympiades. Merci \u00e0 tous les partenaires qui nous ont offert des lots pour les vainqueurs !<\/p>\n<\/div>\n<\/div>\n\n\n\n<div class=\"wp-block-columns is-layout-flex wp-container-core-columns-is-layout-9d6595d7 wp-block-columns-is-layout-flex\">\n<div class=\"wp-block-column is-layout-flow wp-block-column-is-layout-flow\">\n<figure class=\"wp-block-image size-large\"><img loading=\"lazy\" decoding=\"async\" width=\"1024\" height=\"768\" src=\"https:\/\/efa53.fr\/wordpress\/wp-content\/uploads\/2025\/10\/pique-nique-2025-site-1024x768.jpg\" alt=\"\" class=\"wp-image-966\" srcset=\"https:\/\/efa53.fr\/wordpress\/wp-content\/uploads\/2025\/10\/pique-nique-2025-site-1024x768.jpg 1024w, https:\/\/efa53.fr\/wordpress\/wp-content\/uploads\/2025\/10\/pique-nique-2025-site-300x225.jpg 300w, https:\/\/efa53.fr\/wordpress\/wp-content\/uploads\/2025\/10\/pique-nique-2025-site-768x576.jpg 768w, https:\/\/efa53.fr\/wordpress\/wp-content\/uploads\/2025\/10\/pique-nique-2025-site-1536x1152.jpg 1536w, https:\/\/efa53.fr\/wordpress\/wp-content\/uploads\/2025\/10\/pique-nique-2025-site.jpg 2048w\" sizes=\"auto, (max-width: 1024px) 100vw, 1024px\" \/><\/figure>\n<\/div>\n\n\n\n<div class=\"wp-block-column is-layout-flow wp-block-column-is-layout-flow\">\n<figure class=\"wp-block-image size-large\"><img loading=\"lazy\" decoding=\"async\" width=\"1024\" height=\"771\" src=\"https:\/\/efa53.fr\/wordpress\/wp-content\/uploads\/2025\/10\/pique-nique-2025-site-2-1024x771.jpg\" alt=\"\" class=\"wp-image-965\" srcset=\"https:\/\/efa53.fr\/wordpress\/wp-content\/uploads\/2025\/10\/pique-nique-2025-site-2-1024x771.jpg 1024w, https:\/\/efa53.fr\/wordpress\/wp-content\/uploads\/2025\/10\/pique-nique-2025-site-2-300x226.jpg 300w, https:\/\/efa53.fr\/wordpress\/wp-content\/uploads\/2025\/10\/pique-nique-2025-site-2-768x578.jpg 768w, https:\/\/efa53.fr\/wordpress\/wp-content\/uploads\/2025\/10\/pique-nique-2025-site-2-1536x1156.jpg 1536w, https:\/\/efa53.fr\/wordpress\/wp-content\/uploads\/2025\/10\/pique-nique-2025-site-2.jpg 1600w\" sizes=\"auto, (max-width: 1024px) 100vw, 1024px\" \/><\/figure>\n<\/div>\n<\/div>\n\n\n\n<div class=\"wp-block-columns is-layout-flex wp-container-core-columns-is-layout-9d6595d7 wp-block-columns-is-layout-flex\">\n<div class=\"wp-block-column is-layout-flow wp-block-column-is-layout-flow\">\n<figure class=\"wp-block-image size-large\"><img loading=\"lazy\" decoding=\"async\" width=\"1024\" height=\"768\" src=\"https:\/\/efa53.fr\/wordpress\/wp-content\/uploads\/2025\/10\/WhatsApp-Image-2025-09-21-at-21.28.40-1-1024x768.jpeg\" alt=\"\" class=\"wp-image-968\" srcset=\"https:\/\/efa53.fr\/wordpress\/wp-content\/uploads\/2025\/10\/WhatsApp-Image-2025-09-21-at-21.28.40-1-1024x768.jpeg 1024w, https:\/\/efa53.fr\/wordpress\/wp-content\/uploads\/2025\/10\/WhatsApp-Image-2025-09-21-at-21.28.40-1-300x225.jpeg 300w, https:\/\/efa53.fr\/wordpress\/wp-content\/uploads\/2025\/10\/WhatsApp-Image-2025-09-21-at-21.28.40-1-768x576.jpeg 768w, https:\/\/efa53.fr\/wordpress\/wp-content\/uploads\/2025\/10\/WhatsApp-Image-2025-09-21-at-21.28.40-1-1536x1152.jpeg 1536w, https:\/\/efa53.fr\/wordpress\/wp-content\/uploads\/2025\/10\/WhatsApp-Image-2025-09-21-at-21.28.40-1.jpeg 1600w\" sizes=\"auto, (max-width: 1024px) 100vw, 1024px\" \/><\/figure>\n<\/div>\n\n\n\n<div class=\"wp-block-column is-layout-flow wp-block-column-is-layout-flow\">\n<figure class=\"wp-block-image size-large\"><img loading=\"lazy\" decoding=\"async\" width=\"1024\" height=\"768\" src=\"https:\/\/efa53.fr\/wordpress\/wp-content\/uploads\/2025\/10\/WhatsApp-Image-2025-09-21-at-21.28.40-2-1024x768.jpeg\" alt=\"\" class=\"wp-image-969\" srcset=\"https:\/\/efa53.fr\/wordpress\/wp-content\/uploads\/2025\/10\/WhatsApp-Image-2025-09-21-at-21.28.40-2-1024x768.jpeg 1024w, https:\/\/efa53.fr\/wordpress\/wp-content\/uploads\/2025\/10\/WhatsApp-Image-2025-09-21-at-21.28.40-2-300x225.jpeg 300w, https:\/\/efa53.fr\/wordpress\/wp-content\/uploads\/2025\/10\/WhatsApp-Image-2025-09-21-at-21.28.40-2-768x576.jpeg 768w, https:\/\/efa53.fr\/wordpress\/wp-content\/uploads\/2025\/10\/WhatsApp-Image-2025-09-21-at-21.28.40-2-1536x1152.jpeg 1536w, https:\/\/efa53.fr\/wordpress\/wp-content\/uploads\/2025\/10\/WhatsApp-Image-2025-09-21-at-21.28.40-2-rotated.jpeg 1600w\" sizes=\"auto, (max-width: 1024px) 100vw, 1024px\" \/><\/figure>\n<\/div>\n<\/div>\n\n\n\n<div class=\"wp-block-columns is-layout-flex wp-container-core-columns-is-layout-9d6595d7 wp-block-columns-is-layout-flex\"><\/div>\n\n\n<div class=\"wp-block-image is-style-default\">\n<figure class=\"alignright size-full is-resized\"><img loading=\"lazy\" decoding=\"async\" width=\"1363\" height=\"769\" src=\"https:\/\/efa53.fr\/wordpress\/wp-content\/uploads\/2025\/02\/equipe-CA-EFA.jpg\" alt=\"\" class=\"wp-image-882\" style=\"width:335px;height:auto\" srcset=\"https:\/\/efa53.fr\/wordpress\/wp-content\/uploads\/2025\/02\/equipe-CA-EFA.jpg 1363w, https:\/\/efa53.fr\/wordpress\/wp-content\/uploads\/2025\/02\/equipe-CA-EFA-300x169.jpg 300w, https:\/\/efa53.fr\/wordpress\/wp-content\/uploads\/2025\/02\/equipe-CA-EFA-1024x578.jpg 1024w, https:\/\/efa53.fr\/wordpress\/wp-content\/uploads\/2025\/02\/equipe-CA-EFA-768x433.jpg 768w, https:\/\/efa53.fr\/wordpress\/wp-content\/uploads\/2025\/02\/equipe-CA-EFA-800x450.jpg 800w\" sizes=\"auto, (max-width: 1363px) 100vw, 1363px\" \/><\/figure>\n<\/div>\n\n\n<ul class=\"wp-block-list\">\n<li class=\"has-medium-font-size\">Assembl\u00e9e G\u00e9n\u00e9rale:<\/li>\n<\/ul>\n\n\n\n<p>Chaque ann\u00e9e, en f\u00e9vrier (g\u00e9n\u00e9ralement), nous nous retrouvons pour l&rsquo;Assembl\u00e9e G\u00e9n\u00e9rale de notre association qui est suivie d&rsquo;un temps convivial et d&rsquo;un temps de conf\u00e9rence autour d&rsquo;un th\u00e8me particulier: l&rsquo;attachement, la communication intrafamiliale, &#8230; En f\u00e9vrier 2025, Alice Marchandeau est venue t\u00e9moigner de son parcours d&rsquo;adopt\u00e9e.<\/p>\n\n\n\n<p><\/p>\n\n\n\n<div class=\"wp-block-columns is-layout-flex wp-container-core-columns-is-layout-9d6595d7 wp-block-columns-is-layout-flex\">\n<div class=\"wp-block-column is-layout-flow wp-block-column-is-layout-flow\">\n<figure class=\"wp-block-image size-large\"><img loading=\"lazy\" decoding=\"async\" width=\"1024\" height=\"578\" src=\"https:\/\/efa53.fr\/wordpress\/wp-content\/uploads\/2025\/02\/AG-EFA-2-1-1024x578.jpg\" alt=\"\" class=\"wp-image-884\" srcset=\"https:\/\/efa53.fr\/wordpress\/wp-content\/uploads\/2025\/02\/AG-EFA-2-1-1024x578.jpg 1024w, https:\/\/efa53.fr\/wordpress\/wp-content\/uploads\/2025\/02\/AG-EFA-2-1-300x169.jpg 300w, https:\/\/efa53.fr\/wordpress\/wp-content\/uploads\/2025\/02\/AG-EFA-2-1-768x433.jpg 768w, https:\/\/efa53.fr\/wordpress\/wp-content\/uploads\/2025\/02\/AG-EFA-2-1.jpg 1149w\" sizes=\"auto, (max-width: 1024px) 100vw, 1024px\" \/><\/figure>\n<\/div>\n\n\n\n<div class=\"wp-block-column is-layout-flow wp-block-column-is-layout-flow\">\n<figure class=\"wp-block-image size-large\"><img loading=\"lazy\" decoding=\"async\" width=\"1024\" height=\"578\" src=\"https:\/\/efa53.fr\/wordpress\/wp-content\/uploads\/2025\/02\/AG-EFA-2025-2-1024x578.jpg\" alt=\"\" class=\"wp-image-885\" srcset=\"https:\/\/efa53.fr\/wordpress\/wp-content\/uploads\/2025\/02\/AG-EFA-2025-2-1024x578.jpg 1024w, https:\/\/efa53.fr\/wordpress\/wp-content\/uploads\/2025\/02\/AG-EFA-2025-2-300x169.jpg 300w, https:\/\/efa53.fr\/wordpress\/wp-content\/uploads\/2025\/02\/AG-EFA-2025-2-768x433.jpg 768w, https:\/\/efa53.fr\/wordpress\/wp-content\/uploads\/2025\/02\/AG-EFA-2025-2.jpg 1283w\" sizes=\"auto, (max-width: 1024px) 100vw, 1024px\" \/><\/figure>\n<\/div>\n<\/div>\n\n\n\n<div class=\"wp-block-columns is-layout-flex wp-container-core-columns-is-layout-9d6595d7 wp-block-columns-is-layout-flex\">\n<div class=\"wp-block-column is-layout-flow wp-block-column-is-layout-flow\" style=\"flex-basis:25%\"><div class=\"wp-block-image\">\n<figure class=\"alignleft size-full\"><img loading=\"lazy\" decoding=\"async\" width=\"476\" height=\"358\" src=\"https:\/\/efa53.fr\/wordpress\/wp-content\/uploads\/2024\/01\/lbdd-jeux.jpg\" alt=\"\" class=\"wp-image-174\" srcset=\"https:\/\/efa53.fr\/wordpress\/wp-content\/uploads\/2024\/01\/lbdd-jeux.jpg 476w, https:\/\/efa53.fr\/wordpress\/wp-content\/uploads\/2024\/01\/lbdd-jeux-300x226.jpg 300w\" sizes=\"auto, (max-width: 476px) 100vw, 476px\" \/><\/figure>\n<\/div>\n\n\n<p><\/p>\n<\/div>\n\n\n\n<div class=\"wp-block-column is-layout-flow wp-block-column-is-layout-flow\" style=\"flex-basis:66.66%\">\n<ul class=\"wp-block-list\">\n<li class=\"has-medium-font-size\">Soir\u00e9es conviviales:<\/li>\n<\/ul>\n\n\n\n<p>Plusieurs fois dans l&rsquo;ann\u00e9e, des temps conviviaux sont organis\u00e9s pour permettre aux adh\u00e9rents de se rencontrer, d&rsquo;apprendre \u00e0 se conna\u00eetre et d&rsquo;\u00e9changer librement autour de l&rsquo;adoption ou d&rsquo;autres sujets, en fonction des souhaits de chacun: soir\u00e9e jeux de soci\u00e9t\u00e9, soir\u00e9e ap\u00e9ro &#8230;<\/p>\n<\/div>\n<\/div>\n\n\n<div class=\"wp-block-image is-style-default\">\n<figure class=\"alignright size-full is-resized\"><img loading=\"lazy\" decoding=\"async\" width=\"2048\" height=\"1155\" src=\"https:\/\/efa53.fr\/wordpress\/wp-content\/uploads\/2025\/02\/atelier-ecriture-site.jpg\" alt=\"\" class=\"wp-image-890\" style=\"width:310px;height:auto\" srcset=\"https:\/\/efa53.fr\/wordpress\/wp-content\/uploads\/2025\/02\/atelier-ecriture-site.jpg 2048w, https:\/\/efa53.fr\/wordpress\/wp-content\/uploads\/2025\/02\/atelier-ecriture-site-300x169.jpg 300w, https:\/\/efa53.fr\/wordpress\/wp-content\/uploads\/2025\/02\/atelier-ecriture-site-1024x578.jpg 1024w, https:\/\/efa53.fr\/wordpress\/wp-content\/uploads\/2025\/02\/atelier-ecriture-site-768x433.jpg 768w, https:\/\/efa53.fr\/wordpress\/wp-content\/uploads\/2025\/02\/atelier-ecriture-site-1536x866.jpg 1536w, https:\/\/efa53.fr\/wordpress\/wp-content\/uploads\/2025\/02\/atelier-ecriture-site-800x450.jpg 800w\" sizes=\"auto, (max-width: 2048px) 100vw, 2048px\" \/><\/figure>\n<\/div>\n\n\n<ul class=\"wp-block-list\">\n<li class=\"has-medium-font-size\">Ateliers \u00e9criture-blablatage:<\/li>\n<\/ul>\n\n\n\n<p>Tous les 2 mois environ, le vendredi soir, de 20h30 \u00e0 22h30 (ou plus en fonction de la disponibilit\u00e9 de chacun et des discussions passionn\u00e9es que les \u00e9crits suscitent &#8230;), nous nous retrouvons \u00e0 Laval ou chez l&rsquo;un des adh\u00e9rents pour \u00e9changer et \u00e9crire ensemble.<\/p>\n\n\n\n<p>Pour plus d&rsquo;infos, rendez-vous sur la <a href=\"https:\/\/efa53.fr\/wordpress\/index.php\/les-ateliers-decriture-defa-53-recrutent\/\">page atelier \u00e9criture<\/a> !<\/p>\n\n\n\n<div class=\"wp-block-columns is-layout-flex wp-container-core-columns-is-layout-9d6595d7 wp-block-columns-is-layout-flex\">\n<div class=\"wp-block-column is-layout-flow wp-block-column-is-layout-flow\" style=\"flex-basis:33.33%\"><div class=\"wp-block-image\">\n<figure class=\"aligncenter size-large\"><img loading=\"lazy\" decoding=\"async\" width=\"1024\" height=\"768\" src=\"https:\/\/efa53.fr\/wordpress\/wp-content\/uploads\/2025\/02\/AG-2024-1024x768.jpg\" alt=\"\" class=\"wp-image-899\" srcset=\"https:\/\/efa53.fr\/wordpress\/wp-content\/uploads\/2025\/02\/AG-2024-1024x768.jpg 1024w, https:\/\/efa53.fr\/wordpress\/wp-content\/uploads\/2025\/02\/AG-2024-300x225.jpg 300w, https:\/\/efa53.fr\/wordpress\/wp-content\/uploads\/2025\/02\/AG-2024-768x576.jpg 768w, https:\/\/efa53.fr\/wordpress\/wp-content\/uploads\/2025\/02\/AG-2024-1536x1152.jpg 1536w, https:\/\/efa53.fr\/wordpress\/wp-content\/uploads\/2025\/02\/AG-2024.jpg 1600w\" sizes=\"auto, (max-width: 1024px) 100vw, 1024px\" \/><\/figure>\n<\/div><\/div>\n\n\n\n<div class=\"wp-block-column is-layout-flow wp-block-column-is-layout-flow\" style=\"flex-basis:66.66%\">\n<ul class=\"wp-block-list\">\n<li class=\"has-medium-font-size\">Soir\u00e9es d&rsquo;information autour d&rsquo;un film, d&rsquo;un documentaire, de t\u00e9moignages &#8230;<\/li>\n<\/ul>\n\n\n\n<p>R\u00e9guli\u00e8rement, des soir\u00e9es d&rsquo;information autour d&rsquo;un film, d&rsquo;un documentaire ou de t\u00e9moignages sont (co)organis\u00e9s par EFA 53 pour permettre aux adh\u00e9rents de se rencontrer, de s&rsquo;informer sur l&rsquo;adoption et de r\u00e9fl\u00e9chir \u00e0 leur projet.<\/p>\n<\/div>\n<\/div>\n\n\n\n<ul class=\"wp-block-list\">\n<li class=\"has-medium-font-size\">Groupe de parole:<\/li>\n<\/ul>\n\n\n<div class=\"wp-block-image is-style-default\">\n<figure class=\"alignright size-full is-resized\"><img loading=\"lazy\" decoding=\"async\" width=\"661\" height=\"370\" src=\"https:\/\/efa53.fr\/wordpress\/wp-content\/uploads\/2024\/01\/lbdd-parole.jpg\" alt=\"\" class=\"wp-image-175\" style=\"width:200px\" srcset=\"https:\/\/efa53.fr\/wordpress\/wp-content\/uploads\/2024\/01\/lbdd-parole.jpg 661w, https:\/\/efa53.fr\/wordpress\/wp-content\/uploads\/2024\/01\/lbdd-parole-300x168.jpg 300w\" sizes=\"auto, (max-width: 661px) 100vw, 661px\" \/><\/figure>\n<\/div>\n\n\n<p>Un groupe de parole peut \u00eatre mis en place \u00e0 la demande des adh\u00e9rents et en fonction du nombre de volontaires en d\u00e9but d&rsquo;ann\u00e9e. Nous restons \u00e0 l&rsquo;\u00e9coute pour r\u00e9-ouvrir cet atelier ! <\/p>\n\n\n\n<p>En 2022, un groupe a \u00e9t\u00e9 mis en place. Il y a eu 6 rencontres dans l&rsquo;ann\u00e9e, anim\u00e9es par une psychologue form\u00e9e \u00e0 l&rsquo;adoption et \u00e0 l&rsquo;animation de groupes de parole, \u00e0 raison de s\u00e9ances de deux heures, le vendredi soir de 19h30 \u00e0 21h30. Ce groupe a permis \u00e0 de \u00ab\u00a0futurs adoptants\u00a0\u00bb de se rencontrer, de s&rsquo;exprimer sur des th\u00e8mes leur tenant \u00e0 coeur et de trouver une \u00e9coute respectueuse et attentive.<\/p>\n\n\n\n<p>Une participation pour l&rsquo;ann\u00e9e est demand\u00e9e..<\/p>\n\n\n\n<p><\/p>\n\n\n\n<p class=\"has-medium-font-size\"><strong>Nos activit\u00e9s avec les institutions :<\/strong><\/p>\n\n\n\n<div class=\"wp-block-columns is-layout-flex wp-container-core-columns-is-layout-9d6595d7 wp-block-columns-is-layout-flex\">\n<div class=\"wp-block-column is-vertically-aligned-center is-layout-flow wp-block-column-is-layout-flow\" style=\"flex-basis:25%\">\n<figure class=\"wp-block-image alignwide size-full is-style-default\"><img loading=\"lazy\" decoding=\"async\" width=\"662\" height=\"441\" src=\"https:\/\/efa53.fr\/wordpress\/wp-content\/uploads\/2024\/01\/lbdd-temoignages.jpg\" alt=\"\" class=\"wp-image-177\" srcset=\"https:\/\/efa53.fr\/wordpress\/wp-content\/uploads\/2024\/01\/lbdd-temoignages.jpg 662w, https:\/\/efa53.fr\/wordpress\/wp-content\/uploads\/2024\/01\/lbdd-temoignages-300x200.jpg 300w\" sizes=\"auto, (max-width: 662px) 100vw, 662px\" \/><\/figure>\n<\/div>\n\n\n\n<div class=\"wp-block-column is-layout-flow wp-block-column-is-layout-flow\" style=\"flex-basis:80%\">\n<ul class=\"wp-block-list\">\n<li class=\"has-medium-font-size\">R\u00e9unions au service adoption, filiation et tutelle du conseil d\u00e9partemental de la Mayenne:<\/li>\n<\/ul>\n\n\n\n<p>Pour les postulants qui sont dans la proc\u00e9dure d&rsquo;agr\u00e9ment, des r\u00e9unions mensuelles ont lieu au service adoption, filiation et tutelle du conseil d\u00e9partemental de la Mayenne. Ces r\u00e9unions ont pour but d&rsquo;informer les postulants et de r\u00e9pondre \u00e0 leurs questions.<\/p>\n<\/div>\n<\/div>\n\n\n\n<ul class=\"wp-block-list\">\n<li class=\"has-medium-font-size\">Conseil de famille:<\/li>\n<\/ul>\n\n\n\n<p>Un repr\u00e9sentant d&rsquo;EFA 53 si\u00e8ge aux conseils de famille de Laval pour l&rsquo;adoption de pupilles de l&rsquo;\u00e9tat.<\/p>\n","protected":false},"excerpt":{"rendered":"<p>Nos activit\u00e9s pour les adh\u00e9rents Chaque ann\u00e9e, en septembre, un pique-nique est organis\u00e9 pour permettre \u00e0 tous de se rencontrer dans un lieu ext\u00e9rieur et convivial : refuge de l&rsquo;Arche [&hellip;]<\/p>\n","protected":false},"author":1,"featured_media":0,"parent":0,"menu_order":0,"comment_status":"closed","ping_status":"closed","template":"","meta":{"ocean_post_layout":"","ocean_both_sidebars_style":"","ocean_both_sidebars_content_width":0,"ocean_both_sidebars_sidebars_width":0,"ocean_sidebar":"","ocean_second_sidebar":"","ocean_disable_margins":"enable","ocean_add_body_class":"","ocean_shortcode_before_top_bar":"","ocean_shortcode_after_top_bar":"","ocean_shortcode_before_header":"","ocean_shortcode_after_header":"","ocean_has_shortcode":"","ocean_shortcode_after_title":"","ocean_shortcode_before_footer_widgets":"","ocean_shortcode_after_footer_widgets":"","ocean_shortcode_before_footer_bottom":"","ocean_shortcode_after_footer_bottom":"","ocean_display_top_bar":"default","ocean_display_header":"default","ocean_header_style":"","ocean_center_header_left_menu":"","ocean_custom_header_template":"","ocean_custom_logo":0,"ocean_custom_retina_logo":0,"ocean_custom_logo_max_width":0,"ocean_custom_logo_tablet_max_width":0,"ocean_custom_logo_mobile_max_width":0,"ocean_custom_logo_max_height":0,"ocean_custom_logo_tablet_max_height":0,"ocean_custom_logo_mobile_max_height":0,"ocean_header_custom_menu":"","ocean_menu_typo_font_family":"","ocean_menu_typo_font_subset":"","ocean_menu_typo_font_size":0,"ocean_menu_typo_font_size_tablet":0,"ocean_menu_typo_font_size_mobile":0,"ocean_menu_typo_font_size_unit":"px","ocean_menu_typo_font_weight":"","ocean_menu_typo_font_weight_tablet":"","ocean_menu_typo_font_weight_mobile":"","ocean_menu_typo_transform":"","ocean_menu_typo_transform_tablet":"","ocean_menu_typo_transform_mobile":"","ocean_menu_typo_line_height":0,"ocean_menu_typo_line_height_tablet":0,"ocean_menu_typo_line_height_mobile":0,"ocean_menu_typo_line_height_unit":"","ocean_menu_typo_spacing":0,"ocean_menu_typo_spacing_tablet":0,"ocean_menu_typo_spacing_mobile":0,"ocean_menu_typo_spacing_unit":"","ocean_menu_link_color":"","ocean_menu_link_color_hover":"","ocean_menu_link_color_active":"","ocean_menu_link_background":"","ocean_menu_link_hover_background":"","ocean_menu_link_active_background":"","ocean_menu_social_links_bg":"","ocean_menu_social_hover_links_bg":"","ocean_menu_social_links_color":"","ocean_menu_social_hover_links_color":"","ocean_disable_title":"default","ocean_disable_heading":"default","ocean_post_title":"","ocean_post_subheading":"","ocean_post_title_style":"","ocean_post_title_background_color":"","ocean_post_title_background":0,"ocean_post_title_bg_image_position":"","ocean_post_title_bg_image_attachment":"","ocean_post_title_bg_image_repeat":"","ocean_post_title_bg_image_size":"","ocean_post_title_height":0,"ocean_post_title_bg_overlay":0.5,"ocean_post_title_bg_overlay_color":"","ocean_disable_breadcrumbs":"default","ocean_breadcrumbs_color":"","ocean_breadcrumbs_separator_color":"","ocean_breadcrumbs_links_color":"","ocean_breadcrumbs_links_hover_color":"","ocean_display_footer_widgets":"default","ocean_display_footer_bottom":"default","ocean_custom_footer_template":"","footnotes":""},"class_list":["post-78","page","type-page","status-publish","hentry","entry"],"_links":{"self":[{"href":"https:\/\/efa53.fr\/wordpress\/index.php\/wp-json\/wp\/v2\/pages\/78","targetHints":{"allow":["GET"]}}],"collection":[{"href":"https:\/\/efa53.fr\/wordpress\/index.php\/wp-json\/wp\/v2\/pages"}],"about":[{"href":"https:\/\/efa53.fr\/wordpress\/index.php\/wp-json\/wp\/v2\/types\/page"}],"author":[{"embeddable":true,"href":"https:\/\/efa53.fr\/wordpress\/index.php\/wp-json\/wp\/v2\/users\/1"}],"replies":[{"embeddable":true,"href":"https:\/\/efa53.fr\/wordpress\/index.php\/wp-json\/wp\/v2\/comments?post=78"}],"version-history":[{"count":44,"href":"https:\/\/efa53.fr\/wordpress\/index.php\/wp-json\/wp\/v2\/pages\/78\/revisions"}],"predecessor-version":[{"id":976,"href":"https:\/\/efa53.fr\/wordpress\/index.php\/wp-json\/wp\/v2\/pages\/78\/revisions\/976"}],"wp:attachment":[{"href":"https:\/\/efa53.fr\/wordpress\/index.php\/wp-json\/wp\/v2\/media?parent=78"}],"curies":[{"name":"wp","href":"https:\/\/api.w.org\/{rel}","templated":true}]}}