{"id":73,"date":"2023-09-21T19:17:19","date_gmt":"2023-09-21T19:17:19","guid":{"rendered":"https:\/\/efa53.fr\/wordpress\/?page_id=73"},"modified":"2026-03-30T14:43:01","modified_gmt":"2026-03-30T14:43:01","slug":"bibliotheque","status":"publish","type":"page","link":"https:\/\/efa53.fr\/wordpress\/index.php\/bibliotheque\/","title":{"rendered":"La biblioth\u00e8que d&rsquo;EFA 53"},"content":{"rendered":"\n<p>La <strong>liste des livres <\/strong>de la biblioth\u00e8que d&rsquo;EFA 53 est t\u00e9l\u00e9chargeable en cliquant <strong><mark style=\"background-color:rgba(0, 0, 0, 0)\" class=\"has-inline-color has-vivid-cyan-blue-color\"><a href=\"https:\/\/efa53.fr\/wordpress\/wp-content\/uploads\/2026\/03\/Bibliotheque-EFA53-Vanessa-pour-site.xls\" target=\"_blank\" rel=\"noreferrer noopener\">ici<\/a><\/mark><\/strong> (fichier Excel*) ou, consultable en version imprim\u00e9e, sur place, <strong>lors des \u00e9v\u00e8nements organis\u00e9s par EFA 53<\/strong>.<\/p>\n\n\n\n<p>*Dans ce fichier Excel, les livres sont class\u00e9s par <strong>cat\u00e9gories<\/strong>: il vous suffit de cliquer sur les <strong>onglets color\u00e9s<\/strong> en bas pour y acc\u00e9der (cliquez <mark style=\"background-color:rgba(0, 0, 0, 0)\" class=\"has-inline-color has-vivid-cyan-blue-color\"><a href=\"https:\/\/efa53.fr\/wordpress\/wp-content\/uploads\/2024\/01\/explication-simple.jpg\" target=\"_blank\" rel=\"noreferrer noopener\"><strong>ici<\/strong><\/a><\/mark> pour visualiser une explication simple de ce document excel).<\/p>\n\n\n<div class=\"wp-block-image\">\n<figure class=\"alignright size-full is-resized\"><a href=\"https:\/\/efa53.fr\/wordpress\/index.php\/2024\/01\/30\/livres-coups-de-coeur-de-la-bibliotheque-defa-53\/\" target=\"_blank\" rel=\"noopener\"><img loading=\"lazy\" decoding=\"async\" width=\"108\" height=\"66\" src=\"https:\/\/efa53.fr\/wordpress\/wp-content\/uploads\/2024\/01\/coup-de-coeur.jpg\" alt=\"\" class=\"wp-image-281\" style=\"width:129px;height:auto\"\/><\/a><\/figure>\n<\/div>\n\n\n<p>R\u00e9guli\u00e8rement, seront <strong>mis en lumi\u00e8re<\/strong> quelques livres \u00ab\u00a0<strong>coups de coeur<\/strong>\u00a0\u00bb de notre bib&rsquo;: cliquez<strong> <a href=\"https:\/\/efa53.fr\/wordpress\/index.php\/2024\/01\/30\/livres-coups-de-coeur-de-la-bibliotheque-defa-53\/\" target=\"_blank\" rel=\"noreferrer noopener\">ici<\/a><\/strong>!<\/p>\n\n\n\n<p>Sur le site suivant, vous trouverez une <strong>liste<\/strong> tr\u00e8s compl\u00e8te d&rsquo;<strong>albums jeunesse<\/strong> traitant du sujet de l&rsquo;adoption: <a href=\"http:\/\/materalbum.free.fr\/adoption\/liste.html\" target=\"_blank\" rel=\"noreferrer noopener\">http:\/\/materalbum.free.fr\/adoption\/liste.html<\/a><\/p>\n\n\n\n<p>Ci-dessous, vous d\u00e9couvrirez le <strong>fonctionnement<\/strong> de notre biblioth\u00e8que &#8230;<\/p>\n\n\n\n<div class=\"wp-block-columns is-layout-flex wp-container-core-columns-is-layout-9d6595d7 wp-block-columns-is-layout-flex\">\n<div class=\"wp-block-column is-layout-flow wp-block-column-is-layout-flow\">\n<figure class=\"wp-block-image size-large\"><img loading=\"lazy\" decoding=\"async\" width=\"1024\" height=\"768\" src=\"https:\/\/efa53.fr\/wordpress\/wp-content\/uploads\/2025\/02\/bib-53-1024x768.jpg\" alt=\"\" class=\"wp-image-892\" srcset=\"https:\/\/efa53.fr\/wordpress\/wp-content\/uploads\/2025\/02\/bib-53-1024x768.jpg 1024w, https:\/\/efa53.fr\/wordpress\/wp-content\/uploads\/2025\/02\/bib-53-300x225.jpg 300w, https:\/\/efa53.fr\/wordpress\/wp-content\/uploads\/2025\/02\/bib-53-768x576.jpg 768w, https:\/\/efa53.fr\/wordpress\/wp-content\/uploads\/2025\/02\/bib-53.jpg 1470w\" sizes=\"auto, (max-width: 1024px) 100vw, 1024px\" \/><\/figure>\n<\/div>\n\n\n\n<div class=\"wp-block-column is-layout-flow wp-block-column-is-layout-flow\">\n<figure class=\"wp-block-image size-full is-resized\"><img loading=\"lazy\" decoding=\"async\" width=\"968\" height=\"1020\" src=\"https:\/\/efa53.fr\/wordpress\/wp-content\/uploads\/2025\/02\/bib-2.jpg\" alt=\"\" class=\"wp-image-895\" style=\"width:289px;height:auto\" srcset=\"https:\/\/efa53.fr\/wordpress\/wp-content\/uploads\/2025\/02\/bib-2.jpg 968w, https:\/\/efa53.fr\/wordpress\/wp-content\/uploads\/2025\/02\/bib-2-285x300.jpg 285w, https:\/\/efa53.fr\/wordpress\/wp-content\/uploads\/2025\/02\/bib-2-768x809.jpg 768w\" sizes=\"auto, (max-width: 968px) 100vw, 968px\" \/><\/figure>\n<\/div>\n<\/div>\n\n\n\n<p class=\"has-medium-font-size\"><strong>1) Qui peut emprunter les livres de la bib&rsquo; d&rsquo;EFA 53 ?<\/strong><\/p>\n\n\n<div class=\"wp-block-image\">\n<figure class=\"alignright size-full is-resized\"><img loading=\"lazy\" decoding=\"async\" width=\"521\" height=\"596\" src=\"https:\/\/efa53.fr\/wordpress\/wp-content\/uploads\/2024\/01\/guides-essais.jpg\" alt=\"\" class=\"wp-image-93\" style=\"width:150px\" srcset=\"https:\/\/efa53.fr\/wordpress\/wp-content\/uploads\/2024\/01\/guides-essais.jpg 521w, https:\/\/efa53.fr\/wordpress\/wp-content\/uploads\/2024\/01\/guides-essais-262x300.jpg 262w\" sizes=\"auto, (max-width: 521px) 100vw, 521px\" \/><\/figure>\n<\/div>\n\n\n<p>Tout <strong>adh\u00e9rent<\/strong> d&rsquo;EFA 53 ayant r\u00e9gl\u00e9 sa cotisation peut emprunter gratuitement les livres de la biblioth\u00e8que d&rsquo;EFA 53.<\/p>\n\n\n\n<p>Il est simplement demand\u00e9 aux adh\u00e9rents de bien vouloir <strong>laisser leur nom et leur num\u00e9ro de t\u00e9l\u00e9phone<\/strong> \u00e0 la biblioth\u00e9caire pour pouvoir \u00eatre contact\u00e9 en cas d&rsquo;oubli.<\/p>\n\n\n\n<p>Il est \u00e9galement demand\u00e9 de <strong>prendre soin des livres<\/strong> emprunt\u00e9s afin qu\u2019ils puissent rest\u00e9s beaux et agr\u00e9ables \u00e0 lire.<\/p>\n\n\n<div class=\"wp-block-image\">\n<figure class=\"alignleft size-full is-resized\"><img loading=\"lazy\" decoding=\"async\" width=\"369\" height=\"450\" src=\"https:\/\/efa53.fr\/wordpress\/wp-content\/uploads\/2024\/01\/unnamed.jpg\" alt=\"\" class=\"wp-image-191\" style=\"aspect-ratio:1.125;object-fit:cover;width:217px;height:auto\" srcset=\"https:\/\/efa53.fr\/wordpress\/wp-content\/uploads\/2024\/01\/unnamed.jpg 369w, https:\/\/efa53.fr\/wordpress\/wp-content\/uploads\/2024\/01\/unnamed-246x300.jpg 246w\" sizes=\"auto, (max-width: 369px) 100vw, 369px\" \/><\/figure>\n<\/div>\n\n\n<p class=\"has-medium-font-size\"><strong>2) O\u00f9 les emprunter et les rapporter ?<\/strong><\/p>\n\n\n\n<p>La personne responsable de la biblioth\u00e8que (Vanessa Denuault) ou un autre repr\u00e9sentant du CA d\u2019EFA am\u00e8ne les livres de la biblioth\u00e8que <strong>lors des \u00e9v\u00e8nements organis\u00e9s par EFA 53<\/strong>, lorsque les conditions le permettent.<\/p>\n\n\n\n<p>Si cela vous convient mieux, vous pouvez contacter Vanessa Denuault par mail (nessa.d@laposte.net) ou par t\u00e9l\u00e9phone (06 89 12 39 11) pour r\u00e9server des livres ou pour prendre RDV avec elle pour venir les chercher <strong>\u00e0 son domicile<\/strong>.<\/p>\n\n\n\n<p>Si vous ne pouvez pas rapporter les livres lors d&rsquo;\u00e9v\u00e8nements organis\u00e9s par EFA 53, vous pouvez les d\u00e9poser <strong>dans une enveloppe <\/strong>(pour les prot\u00e9ger de l\u2019humidit\u00e9, des petites b\u00eates et des chocs) <strong>dans la bo\u00eete aux lettres de la responsable de la biblioth\u00e8que<\/strong> ou au domicile de Nicole Martin \u00e0 Laval.<\/p>\n\n\n\n<p class=\"has-medium-font-size\"><strong>3) Combien de temps peut-on les emprunter ?<\/strong><\/p>\n\n\n\n<p>Les emprunts se font pour <strong>3 mois maximum<\/strong> et sont renouvelables une fois pour une p\u00e9riode de 3 mois, pour les livres qui ne sont pas des nouveaut\u00e9s et qui n&rsquo;ont pas \u00e9t\u00e9 r\u00e9serv\u00e9s par d\u2019autres personnes.&nbsp;<\/p>\n\n\n<div class=\"wp-block-image\">\n<figure class=\"alignright size-full is-resized\"><img loading=\"lazy\" decoding=\"async\" width=\"1260\" height=\"1084\" src=\"https:\/\/efa53.fr\/wordpress\/wp-content\/uploads\/2024\/01\/lbdd-bibliotheque-carre.jpg\" alt=\"\" class=\"wp-image-192\" style=\"width:200px\" srcset=\"https:\/\/efa53.fr\/wordpress\/wp-content\/uploads\/2024\/01\/lbdd-bibliotheque-carre.jpg 1260w, https:\/\/efa53.fr\/wordpress\/wp-content\/uploads\/2024\/01\/lbdd-bibliotheque-carre-300x258.jpg 300w, https:\/\/efa53.fr\/wordpress\/wp-content\/uploads\/2024\/01\/lbdd-bibliotheque-carre-1024x881.jpg 1024w, https:\/\/efa53.fr\/wordpress\/wp-content\/uploads\/2024\/01\/lbdd-bibliotheque-carre-768x661.jpg 768w\" sizes=\"auto, (max-width: 1260px) 100vw, 1260px\" \/><\/figure>\n<\/div>\n\n\n<p class=\"has-medium-font-size\"><strong>4) Combien de livres peut-on emprunter ?<\/strong><\/p>\n\n\n\n<p>Vous pouvez emprunter jusqu&rsquo;\u00e0 <strong>8 livres<\/strong> par famille (hors revues EFA)&nbsp;dont (au maximum)&nbsp;:<\/p>\n\n\n\n<ul class=\"wp-block-list\">\n<li>3 nouveaut\u00e9s&nbsp;\/ 3 livres jeunesse&nbsp;\/ 2 livres guides&nbsp;\/ 2 livres t\u00e9moignages \/ 2 bandes dessin\u00e9es<\/li>\n<\/ul>\n\n\n\n<p>Vous pouvez emprunter jusqu\u2019\u00e0 <strong>6 revues EFA<\/strong>.<\/p>\n\n\n\n<p class=\"has-medium-font-size\"><strong>5) Comment donner mon avis, faire des suggestions ?<\/strong><\/p>\n\n\n\n<p>N\u2019h\u00e9sitez pas \u00e0 <strong>donner votre avis sur un livre <\/strong>ou sur la biblioth\u00e8que<strong>, \u00e0 faire une suggestion<\/strong> dans le livre d\u2019or de la biblioth\u00e8que.<\/p>\n","protected":false},"excerpt":{"rendered":"<p>La liste des livres de la biblioth\u00e8que d&rsquo;EFA 53 est t\u00e9l\u00e9chargeable en cliquant ici (fichier Excel*) ou, consultable en version imprim\u00e9e, sur place, lors des \u00e9v\u00e8nements organis\u00e9s par EFA 53. [&hellip;]<\/p>\n","protected":false},"author":1,"featured_media":95,"parent":0,"menu_order":0,"comment_status":"closed","ping_status":"closed","template":"","meta":{"ocean_post_layout":"","ocean_both_sidebars_style":"","ocean_both_sidebars_content_width":0,"ocean_both_sidebars_sidebars_width":0,"ocean_sidebar":"0","ocean_second_sidebar":"0","ocean_disable_margins":"enable","ocean_add_body_class":"","ocean_shortcode_before_top_bar":"","ocean_shortcode_after_top_bar":"","ocean_shortcode_before_header":"","ocean_shortcode_after_header":"","ocean_has_shortcode":"","ocean_shortcode_after_title":"","ocean_shortcode_before_footer_widgets":"","ocean_shortcode_after_footer_widgets":"","ocean_shortcode_before_footer_bottom":"","ocean_shortcode_after_footer_bottom":"","ocean_display_top_bar":"default","ocean_display_header":"default","ocean_header_style":"","ocean_center_header_left_menu":"0","ocean_custom_header_template":"0","ocean_custom_logo":0,"ocean_custom_retina_logo":0,"ocean_custom_logo_max_width":0,"ocean_custom_logo_tablet_max_width":0,"ocean_custom_logo_mobile_max_width":0,"ocean_custom_logo_max_height":0,"ocean_custom_logo_tablet_max_height":0,"ocean_custom_logo_mobile_max_height":0,"ocean_header_custom_menu":"0","ocean_menu_typo_font_family":"0","ocean_menu_typo_font_subset":"","ocean_menu_typo_font_size":0,"ocean_menu_typo_font_size_tablet":0,"ocean_menu_typo_font_size_mobile":0,"ocean_menu_typo_font_size_unit":"px","ocean_menu_typo_font_weight":"","ocean_menu_typo_font_weight_tablet":"","ocean_menu_typo_font_weight_mobile":"","ocean_menu_typo_transform":"","ocean_menu_typo_transform_tablet":"","ocean_menu_typo_transform_mobile":"","ocean_menu_typo_line_height":0,"ocean_menu_typo_line_height_tablet":0,"ocean_menu_typo_line_height_mobile":0,"ocean_menu_typo_line_height_unit":"","ocean_menu_typo_spacing":0,"ocean_menu_typo_spacing_tablet":0,"ocean_menu_typo_spacing_mobile":0,"ocean_menu_typo_spacing_unit":"","ocean_menu_link_color":"","ocean_menu_link_color_hover":"","ocean_menu_link_color_active":"","ocean_menu_link_background":"","ocean_menu_link_hover_background":"","ocean_menu_link_active_background":"","ocean_menu_social_links_bg":"","ocean_menu_social_hover_links_bg":"","ocean_menu_social_links_color":"","ocean_menu_social_hover_links_color":"","ocean_disable_title":"default","ocean_disable_heading":"default","ocean_post_title":"","ocean_post_subheading":"","ocean_post_title_style":"","ocean_post_title_background_color":"","ocean_post_title_background":0,"ocean_post_title_bg_image_position":"","ocean_post_title_bg_image_attachment":"","ocean_post_title_bg_image_repeat":"","ocean_post_title_bg_image_size":"","ocean_post_title_height":0,"ocean_post_title_bg_overlay":0.5,"ocean_post_title_bg_overlay_color":"","ocean_disable_breadcrumbs":"default","ocean_breadcrumbs_color":"","ocean_breadcrumbs_separator_color":"","ocean_breadcrumbs_links_color":"","ocean_breadcrumbs_links_hover_color":"","ocean_display_footer_widgets":"default","ocean_display_footer_bottom":"default","ocean_custom_footer_template":"0","footnotes":""},"class_list":["post-73","page","type-page","status-publish","has-post-thumbnail","hentry","entry","has-media"],"_links":{"self":[{"href":"https:\/\/efa53.fr\/wordpress\/index.php\/wp-json\/wp\/v2\/pages\/73","targetHints":{"allow":["GET"]}}],"collection":[{"href":"https:\/\/efa53.fr\/wordpress\/index.php\/wp-json\/wp\/v2\/pages"}],"about":[{"href":"https:\/\/efa53.fr\/wordpress\/index.php\/wp-json\/wp\/v2\/types\/page"}],"author":[{"embeddable":true,"href":"https:\/\/efa53.fr\/wordpress\/index.php\/wp-json\/wp\/v2\/users\/1"}],"replies":[{"embeddable":true,"href":"https:\/\/efa53.fr\/wordpress\/index.php\/wp-json\/wp\/v2\/comments?post=73"}],"version-history":[{"count":50,"href":"https:\/\/efa53.fr\/wordpress\/index.php\/wp-json\/wp\/v2\/pages\/73\/revisions"}],"predecessor-version":[{"id":1058,"href":"https:\/\/efa53.fr\/wordpress\/index.php\/wp-json\/wp\/v2\/pages\/73\/revisions\/1058"}],"wp:featuredmedia":[{"embeddable":true,"href":"https:\/\/efa53.fr\/wordpress\/index.php\/wp-json\/wp\/v2\/media\/95"}],"wp:attachment":[{"href":"https:\/\/efa53.fr\/wordpress\/index.php\/wp-json\/wp\/v2\/media?parent=73"}],"curies":[{"name":"wp","href":"https:\/\/api.w.org\/{rel}","templated":true}]}}