{"id":61,"date":"2023-08-13T13:37:48","date_gmt":"2023-08-13T13:37:48","guid":{"rendered":"https:\/\/efa53.fr\/wordpress\/?page_id=61"},"modified":"2026-01-16T21:33:05","modified_gmt":"2026-01-16T21:33:05","slug":"adhesion","status":"publish","type":"page","link":"https:\/\/efa53.fr\/wordpress\/index.php\/adhesion\/","title":{"rendered":"Adh\u00e9sion"},"content":{"rendered":"\n<p class=\"has-medium-font-size\"><strong>Pourquoi adh\u00e9rer ?<\/strong><\/p>\n\n\n<div class=\"wp-block-image\">\n<figure class=\"alignleft size-full is-resized\"><img loading=\"lazy\" decoding=\"async\" width=\"804\" height=\"429\" src=\"https:\/\/efa53.fr\/wordpress\/wp-content\/uploads\/2024\/02\/adhesion-2.jpg\" alt=\"\" class=\"wp-image-494\" style=\"width:250px\" srcset=\"https:\/\/efa53.fr\/wordpress\/wp-content\/uploads\/2024\/02\/adhesion-2.jpg 804w, https:\/\/efa53.fr\/wordpress\/wp-content\/uploads\/2024\/02\/adhesion-2-300x160.jpg 300w, https:\/\/efa53.fr\/wordpress\/wp-content\/uploads\/2024\/02\/adhesion-2-768x410.jpg 768w\" sizes=\"auto, (max-width: 804px) 100vw, 804px\" \/><\/figure>\n<\/div>\n\n\n<p>Votre adh\u00e9sion est importante pour la repr\u00e9sentativit\u00e9 et la l\u00e9gitimit\u00e9 de notre mouvement. Une f\u00e9d\u00e9ration forte de plus de 5 000 familles est entendue au sein des instances traitant de l\u2019adoption.<br>Votre voix s\u2019ajoute \u00e0 toutes les autres afin de t\u00e9moigner du v\u00e9cu des familles adoptives et des personnes adopt\u00e9es et d\u00e9fendre au mieux l\u2019int\u00e9r\u00eat sup\u00e9rieur de l\u2019enfant et son droit \u00e0 avoir une famille. <\/p>\n\n\n\n<p><strong>Cliquez <a href=\"https:\/\/efa53.fr\/wordpress\/wp-content\/uploads\/2024\/12\/Infos-adhesion-EFA-53.pdf\" data-type=\"link\" data-id=\"https:\/\/efa53.fr\/wordpress\/wp-content\/uploads\/2024\/12\/Infos-adhesion-EFA-53.pdf\" target=\"_blank\" rel=\"noreferrer noopener\">ICI<\/a> pour t\u00e9l\u00e9charger le document pdf <\/strong>qui r\u00e9capitule les informations essentielles concernant l&rsquo;adh\u00e9sion \u00e0 EFA 53.<\/p>\n\n\n\n<p class=\"has-medium-font-size\"><strong>Comment adh\u00e9rer ?<\/strong><\/p>\n\n\n\n<div class=\"wp-block-columns is-layout-flex wp-container-core-columns-is-layout-9d6595d7 wp-block-columns-is-layout-flex\">\n<div class=\"wp-block-column is-layout-flow wp-block-column-is-layout-flow\" style=\"flex-basis:33.33%\">\n<div class=\"wp-block-media-text is-stacked-on-mobile\" style=\"grid-template-columns:85% auto\"><figure class=\"wp-block-media-text__media\"><a href=\"https:\/\/www.helloasso.com\/associations\/enfance-et-familles-d-adoption-de-la-mayenne\/adhesions\/adhesion-annee-2026\" target=\"_blank\" rel=\" noreferrer noopener\"><img loading=\"lazy\" decoding=\"async\" width=\"229\" height=\"45\" src=\"https:\/\/efa53.fr\/wordpress\/wp-content\/uploads\/2023\/08\/bv000009.lnkbut.png\" alt=\"\" class=\"wp-image-62 size-full\"\/><\/a><\/figure><div class=\"wp-block-media-text__content\">\n<p><\/p>\n<\/div><\/div>\n<\/div>\n\n\n\n<div class=\"wp-block-column is-layout-flow wp-block-column-is-layout-flow\" style=\"flex-basis:90%\">\n<p>L&rsquo;adh\u00e9sion s&rsquo;effectue sur la plateforme <strong>HelloAsso<\/strong> via le bouton ci-contre.<br>L&rsquo;adh\u00e9sion peut se faire avec ou sans la revue \u00ab\u00a0Accueil\u00a0\u00bb et avec ou sans don.<br>Concernant la revue \u00ab\u00a0Accueil\u00a0\u00bb, pour simplifier la commande, ceux qui adh\u00e8reront en d\u00e9but d&rsquo;ann\u00e9e, recevrons les quatre exemplaires (le premier est envoy\u00e9 fin f\u00e9vrier pour une r\u00e9ception courant mars). Les autres num\u00e9ros \u00e9tant envoy\u00e9s tous les trois mois, en fonction de votre date d&rsquo;adh\u00e9sion, vous en recevrez deux ou trois dans l&rsquo;ann\u00e9e.<\/p>\n<\/div>\n<\/div>\n\n\n\n<p><em>L&rsquo;adh\u00e9sion, \u00e0 elle seule, ne peut pas \u00eatre d\u00e9ductible des imp\u00f4ts puisqu&rsquo;elle permet d&rsquo;avoir acc\u00e8s \u00e0 des services. Pour ceux et celles qui, en plus de l&rsquo;adh\u00e9sion, font des dons, ces derniers sont d\u00e9ductibles des imp\u00f4ts.<\/em><\/p>\n\n\n\n<p class=\"has-medium-font-size\"><strong>Qui peut adh\u00e9rer ?<\/strong><\/p>\n\n\n<div class=\"wp-block-image\">\n<figure class=\"alignleft size-full is-resized\"><img loading=\"lazy\" decoding=\"async\" width=\"1024\" height=\"1016\" src=\"https:\/\/efa53.fr\/wordpress\/wp-content\/uploads\/2024\/02\/image-1.png\" alt=\"L\u2019attribut alt de cette image est vide, son nom de fichier est 310973-ffc107.png.\" class=\"wp-image-475\" style=\"width:175px\" srcset=\"https:\/\/efa53.fr\/wordpress\/wp-content\/uploads\/2024\/02\/image-1.png 1024w, https:\/\/efa53.fr\/wordpress\/wp-content\/uploads\/2024\/02\/image-1-300x298.png 300w, https:\/\/efa53.fr\/wordpress\/wp-content\/uploads\/2024\/02\/image-1-150x150.png 150w, https:\/\/efa53.fr\/wordpress\/wp-content\/uploads\/2024\/02\/image-1-768x762.png 768w\" sizes=\"auto, (max-width: 1024px) 100vw, 1024px\" \/><\/figure>\n<\/div>\n\n\n<p><strong>Peuvent adh\u00e9rer:<\/strong><\/p>\n\n\n\n<ul class=\"wp-block-list\">\n<li>Tous ceux qui d\u00e9sirent adopter un enfant. Toutefois, nous rappelons que l&rsquo;association EFA n&rsquo;est pas un organisme d&rsquo;adoption.<\/li>\n\n\n\n<li>Les couples et c\u00e9libataires qui ont accueilli, de mani\u00e8re d\u00e9finitive, un ou plusieurs enfants.<\/li>\n\n\n\n<li>Toute personne ayant \u00e9t\u00e9 adopt\u00e9e et souhaitant rencontrer des personnes dans la m\u00eame situation qu&rsquo;elle.<\/li>\n\n\n\n<li>Toute personne qui s&rsquo;int\u00e9resse \u00e0 l&rsquo;adoption et \u00e0 l&rsquo;enfance priv\u00e9e de famille.<\/li>\n<\/ul>\n\n\n\n<p class=\"has-medium-font-size\"><strong>Qu&rsquo;est-ce qu&rsquo;\u00eatre adh\u00e9rent d&rsquo;EFA 53 ?<\/strong><\/p>\n\n\n<div class=\"wp-block-image\">\n<figure class=\"alignright size-full is-resized\"><img loading=\"lazy\" decoding=\"async\" width=\"549\" height=\"305\" src=\"https:\/\/efa53.fr\/wordpress\/wp-content\/uploads\/2024\/01\/lbdd-temps-dechange-1.jpg\" alt=\"\" class=\"wp-image-214\" style=\"width:300px\" srcset=\"https:\/\/efa53.fr\/wordpress\/wp-content\/uploads\/2024\/01\/lbdd-temps-dechange-1.jpg 549w, https:\/\/efa53.fr\/wordpress\/wp-content\/uploads\/2024\/01\/lbdd-temps-dechange-1-300x167.jpg 300w\" sizes=\"auto, (max-width: 549px) 100vw, 549px\" \/><\/figure>\n<\/div>\n\n\n<ul class=\"wp-block-list\">\n<li>Etre accompagn\u00e9 dans votre projet et votre r\u00e9flexion.<\/li>\n\n\n\n<li>Echanger avec des candidats \u00e0 l&rsquo;adoption.<\/li>\n\n\n\n<li>D\u00e9velopper des liens avec des familles adoptives.<\/li>\n\n\n\n<li>Etre inform\u00e9 de la r\u00e9alit\u00e9 v\u00e9cue, de l&rsquo;actualit\u00e9 de l&rsquo;adoption, ou des diff\u00e9rents points de la parentalit\u00e9 adoptive.<\/li>\n\n\n\n<li>Pouvoir recevoir la revue trimestrielle \u00ab Accueil \u00bb traitant de divers th\u00e8mes et actualit\u00e9s de l&rsquo;adoption, de l&rsquo;enfance, de la parentalit\u00e9.<\/li>\n\n\n\n<li>Etre inform\u00e9 des conf\u00e9rences et des r\u00e9unions avec des personnes qualifi\u00e9es (professionnels, \u00e9crivains, psychologues\u2026).<\/li>\n\n\n\n<li>Etre accompagn\u00e9 au besoin via la ligne d&rsquo;\u00e9coute t\u00e9l\u00e9phonique de la f\u00e9d\u00e9ration EFA (cliquez <a href=\"https:\/\/www.adoptionefa.org\/efa-qui-sommes-nous\/accompagner-les-familles\/accompagner-et-ecouter-les-familles\/la-ligne-nationale-decoute\" data-type=\"link\" data-id=\"https:\/\/www.adoptionefa.org\/efa-qui-sommes-nous\/accompagner-les-familles\/accompagner-et-ecouter-les-familles\/la-ligne-nationale-decoute\" target=\"_blank\" rel=\"noreferrer noopener\">ici<\/a>).<\/li>\n\n\n\n<li>Soutenir le projet associatif, notamment lors de l&rsquo;assembl\u00e9e g\u00e9n\u00e9rale annuelle au cours de laquelle les adh\u00e9rents d\u00e9signent les membres du conseil d&rsquo;administration.<\/li>\n<\/ul>\n\n\n\n<p class=\"has-medium-font-size\"><br><strong>Qu&rsquo;est-ce que la revue \u00ab\u00a0Accueil\u00a0\u00bb? <\/strong><\/p>\n\n\n\n<p>\u00ab\u00a0Accueil\u00a0\u00bb est une revue trimestrielle publi\u00e9e par EFA et consacr\u00e9e \u00e0 l\u2019adoption.<\/p>\n\n\n\n<div class=\"wp-block-columns is-layout-flex wp-container-core-columns-is-layout-9d6595d7 wp-block-columns-is-layout-flex\">\n<div class=\"wp-block-column is-layout-flow wp-block-column-is-layout-flow\" style=\"flex-basis:33.33%\">\n<figure class=\"wp-block-image size-large\"><img loading=\"lazy\" decoding=\"async\" width=\"801\" height=\"1024\" src=\"https:\/\/efa53.fr\/wordpress\/wp-content\/uploads\/2024\/01\/revue-accueil-801x1024.jpg\" alt=\"\" class=\"wp-image-218\" srcset=\"https:\/\/efa53.fr\/wordpress\/wp-content\/uploads\/2024\/01\/revue-accueil-801x1024.jpg 801w, https:\/\/efa53.fr\/wordpress\/wp-content\/uploads\/2024\/01\/revue-accueil-235x300.jpg 235w, https:\/\/efa53.fr\/wordpress\/wp-content\/uploads\/2024\/01\/revue-accueil-768x981.jpg 768w, https:\/\/efa53.fr\/wordpress\/wp-content\/uploads\/2024\/01\/revue-accueil.jpg 806w\" sizes=\"auto, (max-width: 801px) 100vw, 801px\" \/><\/figure>\n<\/div>\n\n\n\n<div class=\"wp-block-column is-layout-flow wp-block-column-is-layout-flow\" style=\"flex-basis:66.66%\">\n<p>  Chaque num\u00e9ro comporte:<\/p>\n\n\n\n<ul class=\"wp-block-list\">\n<li>un dossier consacr\u00e9 \u00e0 un th\u00e8me pr\u00e9cis ;<\/li>\n\n\n\n<li>des t\u00e9moignages d\u2019adoptants et d\u2019adopt\u00e9s ;<\/li>\n\n\n\n<li>une bibliographie compl\u00e9tant le dossier ;<\/li>\n\n\n\n<li>un entretien avec une personnalit\u00e9 li\u00e9e \u00e0 l\u2019adoption (\u00e9crivain, responsable d\u2019association, etc.) ;<\/li>\n\n\n\n<li>les conseils et les lignes directrices pour mener \u00e0 terme les d\u00e9marches engag\u00e9es ;<\/li>\n\n\n\n<li>des actus sur l\u2019adoption en France et \u00e0 l\u2019\u00e9tranger, sur les manifestations d\u2019EFA ;<\/li>\n\n\n\n<li>de nombreuses rubriques : Sant\u00e9, Juridique, A l\u2019international, En France\u2026<\/li>\n\n\n\n<li>une s\u00e9lection d\u2019ouvrages r\u00e9cemment parus (romans, biographies, essais, jeunesse, bandes dessin\u00e9es, etc.), de films ou de revues.<\/li>\n<\/ul>\n\n\n\n<p>Pour plus d&rsquo;informations concernant la revue Accueil, cliquez <a href=\"https:\/\/www.adoptionefa.org\/efa-qui-sommes-nous\/la-revue-accueil\/\" data-type=\"link\" data-id=\"https:\/\/www.adoptionefa.org\/efa-qui-sommes-nous\/la-revue-accueil\/\" target=\"_blank\" rel=\"noreferrer noopener\">ici<\/a>!<\/p>\n<\/div>\n<\/div>\n\n\n\n<div class=\"wp-block-columns are-vertically-aligned-top is-layout-flex wp-container-core-columns-is-layout-9d6595d7 wp-block-columns-is-layout-flex\">\n<div class=\"wp-block-column is-vertically-aligned-top is-layout-flow wp-block-column-is-layout-flow\" style=\"flex-basis:100%\">\n<div class=\"wp-block-group is-nowrap is-layout-flex wp-container-core-group-is-layout-ad2f72ca wp-block-group-is-layout-flex\">\n<p><\/p>\n<\/div>\n<\/div>\n<\/div>\n\n\n\n<p><\/p>\n","protected":false},"excerpt":{"rendered":"<p>Pourquoi adh\u00e9rer ? Votre adh\u00e9sion est importante pour la repr\u00e9sentativit\u00e9 et la l\u00e9gitimit\u00e9 de notre mouvement. Une f\u00e9d\u00e9ration forte de plus de 5 000 familles est entendue au sein des [&hellip;]<\/p>\n","protected":false},"author":1,"featured_media":0,"parent":0,"menu_order":0,"comment_status":"closed","ping_status":"closed","template":"","meta":{"ocean_post_layout":"","ocean_both_sidebars_style":"","ocean_both_sidebars_content_width":0,"ocean_both_sidebars_sidebars_width":0,"ocean_sidebar":"0","ocean_second_sidebar":"0","ocean_disable_margins":"enable","ocean_add_body_class":"","ocean_shortcode_before_top_bar":"","ocean_shortcode_after_top_bar":"","ocean_shortcode_before_header":"","ocean_shortcode_after_header":"","ocean_has_shortcode":"","ocean_shortcode_after_title":"","ocean_shortcode_before_footer_widgets":"","ocean_shortcode_after_footer_widgets":"","ocean_shortcode_before_footer_bottom":"","ocean_shortcode_after_footer_bottom":"","ocean_display_top_bar":"default","ocean_display_header":"default","ocean_header_style":"","ocean_center_header_left_menu":"0","ocean_custom_header_template":"0","ocean_custom_logo":0,"ocean_custom_retina_logo":0,"ocean_custom_logo_max_width":0,"ocean_custom_logo_tablet_max_width":0,"ocean_custom_logo_mobile_max_width":0,"ocean_custom_logo_max_height":0,"ocean_custom_logo_tablet_max_height":0,"ocean_custom_logo_mobile_max_height":0,"ocean_header_custom_menu":"0","ocean_menu_typo_font_family":"0","ocean_menu_typo_font_subset":"","ocean_menu_typo_font_size":0,"ocean_menu_typo_font_size_tablet":0,"ocean_menu_typo_font_size_mobile":0,"ocean_menu_typo_font_size_unit":"px","ocean_menu_typo_font_weight":"","ocean_menu_typo_font_weight_tablet":"","ocean_menu_typo_font_weight_mobile":"","ocean_menu_typo_transform":"","ocean_menu_typo_transform_tablet":"","ocean_menu_typo_transform_mobile":"","ocean_menu_typo_line_height":0,"ocean_menu_typo_line_height_tablet":0,"ocean_menu_typo_line_height_mobile":0,"ocean_menu_typo_line_height_unit":"","ocean_menu_typo_spacing":0,"ocean_menu_typo_spacing_tablet":0,"ocean_menu_typo_spacing_mobile":0,"ocean_menu_typo_spacing_unit":"","ocean_menu_link_color":"","ocean_menu_link_color_hover":"","ocean_menu_link_color_active":"","ocean_menu_link_background":"","ocean_menu_link_hover_background":"","ocean_menu_link_active_background":"","ocean_menu_social_links_bg":"","ocean_menu_social_hover_links_bg":"","ocean_menu_social_links_color":"","ocean_menu_social_hover_links_color":"","ocean_disable_title":"default","ocean_disable_heading":"default","ocean_post_title":"","ocean_post_subheading":"","ocean_post_title_style":"","ocean_post_title_background_color":"","ocean_post_title_background":0,"ocean_post_title_bg_image_position":"","ocean_post_title_bg_image_attachment":"","ocean_post_title_bg_image_repeat":"","ocean_post_title_bg_image_size":"","ocean_post_title_height":0,"ocean_post_title_bg_overlay":0.5,"ocean_post_title_bg_overlay_color":"","ocean_disable_breadcrumbs":"default","ocean_breadcrumbs_color":"","ocean_breadcrumbs_separator_color":"","ocean_breadcrumbs_links_color":"","ocean_breadcrumbs_links_hover_color":"","ocean_display_footer_widgets":"default","ocean_display_footer_bottom":"default","ocean_custom_footer_template":"0","footnotes":""},"class_list":["post-61","page","type-page","status-publish","hentry","entry"],"_links":{"self":[{"href":"https:\/\/efa53.fr\/wordpress\/index.php\/wp-json\/wp\/v2\/pages\/61","targetHints":{"allow":["GET"]}}],"collection":[{"href":"https:\/\/efa53.fr\/wordpress\/index.php\/wp-json\/wp\/v2\/pages"}],"about":[{"href":"https:\/\/efa53.fr\/wordpress\/index.php\/wp-json\/wp\/v2\/types\/page"}],"author":[{"embeddable":true,"href":"https:\/\/efa53.fr\/wordpress\/index.php\/wp-json\/wp\/v2\/users\/1"}],"replies":[{"embeddable":true,"href":"https:\/\/efa53.fr\/wordpress\/index.php\/wp-json\/wp\/v2\/comments?post=61"}],"version-history":[{"count":23,"href":"https:\/\/efa53.fr\/wordpress\/index.php\/wp-json\/wp\/v2\/pages\/61\/revisions"}],"predecessor-version":[{"id":1014,"href":"https:\/\/efa53.fr\/wordpress\/index.php\/wp-json\/wp\/v2\/pages\/61\/revisions\/1014"}],"wp:attachment":[{"href":"https:\/\/efa53.fr\/wordpress\/index.php\/wp-json\/wp\/v2\/media?parent=61"}],"curies":[{"name":"wp","href":"https:\/\/api.w.org\/{rel}","templated":true}]}}