{"id":428,"date":"2024-01-27T10:56:14","date_gmt":"2024-01-27T10:56:14","guid":{"rendered":"https:\/\/efa53.fr\/wordpress\/?page_id=428"},"modified":"2026-01-16T21:18:51","modified_gmt":"2026-01-16T21:18:51","slug":"organigramme-de-lassociation","status":"publish","type":"page","link":"https:\/\/efa53.fr\/wordpress\/index.php\/organigramme-de-lassociation\/","title":{"rendered":"Organigramme"},"content":{"rendered":"\n<figure class=\"wp-block-image size-full\"><img loading=\"lazy\" decoding=\"async\" width=\"1952\" height=\"1463\" src=\"https:\/\/efa53.fr\/wordpress\/wp-content\/uploads\/2026\/01\/trombi-janv-2026-153-1.jpg\" alt=\"\" class=\"wp-image-1007\" srcset=\"https:\/\/efa53.fr\/wordpress\/wp-content\/uploads\/2026\/01\/trombi-janv-2026-153-1.jpg 1952w, https:\/\/efa53.fr\/wordpress\/wp-content\/uploads\/2026\/01\/trombi-janv-2026-153-1-300x225.jpg 300w, https:\/\/efa53.fr\/wordpress\/wp-content\/uploads\/2026\/01\/trombi-janv-2026-153-1-1024x767.jpg 1024w, https:\/\/efa53.fr\/wordpress\/wp-content\/uploads\/2026\/01\/trombi-janv-2026-153-1-768x576.jpg 768w, https:\/\/efa53.fr\/wordpress\/wp-content\/uploads\/2026\/01\/trombi-janv-2026-153-1-1536x1151.jpg 1536w\" sizes=\"auto, (max-width: 1952px) 100vw, 1952px\" \/><\/figure>\n\n\n\n<p class=\"has-medium-font-size\"><strong>Qui sont les membres du Conseil d\u2019Administration&nbsp;?<\/strong><\/p>\n\n\n\n<p>Toute personne souhaitant s\u2019impliquer dans l\u2019association, peut rejoindre le conseil d\u2019administration en tant que <strong>membre actif<\/strong> ou proposer sa candidature pour devenir <strong>membre du bureau<\/strong>.<\/p>\n\n\n\n<p>Les <strong>membres actifs<\/strong> sont des adh\u00e9rents d\u2019EFA 53 qui souhaitent soutenir les membres du bureau en apportant leurs id\u00e9es, en aidant \u00e0 l\u2019organisation des \u00e9v\u00e8nements d\u2019EFA 53, en mettant leurs comp\u00e9tences diverses au profit de l\u2019association. Des r\u00e9unions d\u2019organisation ont lieu ponctuellement (1 \u00e0 2 fois par trimestre).<\/p>\n\n\n\n<p>Pour <strong>faire partie du bureau<\/strong>, il faut \u00eatre adh\u00e9rent \u00e0 EFA 53 et avoir adopt\u00e9 un ou plusieurs enfants ou \u00eatre une personne adopt\u00e9e majeure. On peut alors proposer sa candidature pour devenir membre du bureau. Lors de l\u2019assembl\u00e9e g\u00e9n\u00e9rale, les adh\u00e9rents approuvent ou non, les statuts des diff\u00e9rents membres.<\/p>\n","protected":false},"excerpt":{"rendered":"<p>Qui sont les membres du Conseil d\u2019Administration&nbsp;? Toute personne souhaitant s\u2019impliquer dans l\u2019association, peut rejoindre le conseil d\u2019administration en tant que membre actif ou proposer sa candidature pour devenir membre [&hellip;]<\/p>\n","protected":false},"author":3,"featured_media":0,"parent":0,"menu_order":0,"comment_status":"closed","ping_status":"closed","template":"","meta":{"ocean_post_layout":"","ocean_both_sidebars_style":"","ocean_both_sidebars_content_width":0,"ocean_both_sidebars_sidebars_width":0,"ocean_sidebar":"","ocean_second_sidebar":"","ocean_disable_margins":"enable","ocean_add_body_class":"","ocean_shortcode_before_top_bar":"","ocean_shortcode_after_top_bar":"","ocean_shortcode_before_header":"","ocean_shortcode_after_header":"","ocean_has_shortcode":"","ocean_shortcode_after_title":"","ocean_shortcode_before_footer_widgets":"","ocean_shortcode_after_footer_widgets":"","ocean_shortcode_before_footer_bottom":"","ocean_shortcode_after_footer_bottom":"","ocean_display_top_bar":"default","ocean_display_header":"default","ocean_header_style":"","ocean_center_header_left_menu":"","ocean_custom_header_template":"","ocean_custom_logo":0,"ocean_custom_retina_logo":0,"ocean_custom_logo_max_width":0,"ocean_custom_logo_tablet_max_width":0,"ocean_custom_logo_mobile_max_width":0,"ocean_custom_logo_max_height":0,"ocean_custom_logo_tablet_max_height":0,"ocean_custom_logo_mobile_max_height":0,"ocean_header_custom_menu":"","ocean_menu_typo_font_family":"","ocean_menu_typo_font_subset":"","ocean_menu_typo_font_size":0,"ocean_menu_typo_font_size_tablet":0,"ocean_menu_typo_font_size_mobile":0,"ocean_menu_typo_font_size_unit":"px","ocean_menu_typo_font_weight":"","ocean_menu_typo_font_weight_tablet":"","ocean_menu_typo_font_weight_mobile":"","ocean_menu_typo_transform":"","ocean_menu_typo_transform_tablet":"","ocean_menu_typo_transform_mobile":"","ocean_menu_typo_line_height":0,"ocean_menu_typo_line_height_tablet":0,"ocean_menu_typo_line_height_mobile":0,"ocean_menu_typo_line_height_unit":"","ocean_menu_typo_spacing":0,"ocean_menu_typo_spacing_tablet":0,"ocean_menu_typo_spacing_mobile":0,"ocean_menu_typo_spacing_unit":"","ocean_menu_link_color":"","ocean_menu_link_color_hover":"","ocean_menu_link_color_active":"","ocean_menu_link_background":"","ocean_menu_link_hover_background":"","ocean_menu_link_active_background":"","ocean_menu_social_links_bg":"","ocean_menu_social_hover_links_bg":"","ocean_menu_social_links_color":"","ocean_menu_social_hover_links_color":"","ocean_disable_title":"default","ocean_disable_heading":"default","ocean_post_title":"","ocean_post_subheading":"","ocean_post_title_style":"","ocean_post_title_background_color":"","ocean_post_title_background":0,"ocean_post_title_bg_image_position":"","ocean_post_title_bg_image_attachment":"","ocean_post_title_bg_image_repeat":"","ocean_post_title_bg_image_size":"","ocean_post_title_height":0,"ocean_post_title_bg_overlay":0.5,"ocean_post_title_bg_overlay_color":"","ocean_disable_breadcrumbs":"default","ocean_breadcrumbs_color":"","ocean_breadcrumbs_separator_color":"","ocean_breadcrumbs_links_color":"","ocean_breadcrumbs_links_hover_color":"","ocean_display_footer_widgets":"default","ocean_display_footer_bottom":"default","ocean_custom_footer_template":"","footnotes":""},"class_list":["post-428","page","type-page","status-publish","hentry","entry"],"_links":{"self":[{"href":"https:\/\/efa53.fr\/wordpress\/index.php\/wp-json\/wp\/v2\/pages\/428","targetHints":{"allow":["GET"]}}],"collection":[{"href":"https:\/\/efa53.fr\/wordpress\/index.php\/wp-json\/wp\/v2\/pages"}],"about":[{"href":"https:\/\/efa53.fr\/wordpress\/index.php\/wp-json\/wp\/v2\/types\/page"}],"author":[{"embeddable":true,"href":"https:\/\/efa53.fr\/wordpress\/index.php\/wp-json\/wp\/v2\/users\/3"}],"replies":[{"embeddable":true,"href":"https:\/\/efa53.fr\/wordpress\/index.php\/wp-json\/wp\/v2\/comments?post=428"}],"version-history":[{"count":14,"href":"https:\/\/efa53.fr\/wordpress\/index.php\/wp-json\/wp\/v2\/pages\/428\/revisions"}],"predecessor-version":[{"id":1008,"href":"https:\/\/efa53.fr\/wordpress\/index.php\/wp-json\/wp\/v2\/pages\/428\/revisions\/1008"}],"wp:attachment":[{"href":"https:\/\/efa53.fr\/wordpress\/index.php\/wp-json\/wp\/v2\/media?parent=428"}],"curies":[{"name":"wp","href":"https:\/\/api.w.org\/{rel}","templated":true}]}}