{"id":35,"date":"2023-08-12T16:36:50","date_gmt":"2023-08-12T16:36:50","guid":{"rendered":"https:\/\/efa53.fr\/wordpress\/?page_id=35"},"modified":"2024-11-20T20:50:20","modified_gmt":"2024-11-20T20:50:20","slug":"liens","status":"publish","type":"page","link":"https:\/\/efa53.fr\/wordpress\/index.php\/liens\/","title":{"rendered":"Liens \/ r\u00e9f\u00e9rences"},"content":{"rendered":"\n<p><em>Cliquez sur les images\/logos pour acc\u00e9der aux sites qui vous int\u00e9ressent !<\/em><\/p>\n\n\n\n<p class=\"has-medium-font-size\"><strong>Sites importants<\/strong>:<\/p>\n\n\n\n<div class=\"wp-block-columns is-layout-flex wp-container-core-columns-is-layout-9d6595d7 wp-block-columns-is-layout-flex\">\n<div class=\"wp-block-column is-layout-flow wp-block-column-is-layout-flow\" style=\"flex-basis:20%\"><div class=\"wp-block-image\">\n<figure class=\"aligncenter size-full is-resized\"><a href=\"https:\/\/www.adoptionefa.org\/\" target=\"_blank\" rel=\"noreferrer noopener\"><img loading=\"lazy\" decoding=\"async\" width=\"476\" height=\"476\" src=\"https:\/\/efa53.fr\/wordpress\/wp-content\/uploads\/2024\/01\/logo-EFA-edited.jpg\" alt=\"\" class=\"wp-image-410\" style=\"width:150px\" srcset=\"https:\/\/efa53.fr\/wordpress\/wp-content\/uploads\/2024\/01\/logo-EFA-edited.jpg 476w, https:\/\/efa53.fr\/wordpress\/wp-content\/uploads\/2024\/01\/logo-EFA-edited-300x300.jpg 300w, https:\/\/efa53.fr\/wordpress\/wp-content\/uploads\/2024\/01\/logo-EFA-edited-150x150.jpg 150w\" sizes=\"auto, (max-width: 476px) 100vw, 476px\" \/><\/a><\/figure>\n<\/div><\/div>\n\n\n\n<div class=\"wp-block-column is-vertically-aligned-center is-layout-flow wp-block-column-is-layout-flow\" style=\"flex-basis:90%\">\n<ul class=\"wp-block-list\">\n<li><strong>Site national de l&rsquo;Association Enfance et Famille d&rsquo;Adoption<\/strong>: Ce site regroupe aussi les sites d&rsquo;associations d\u00e9partementales EFA.<\/li>\n<\/ul>\n<\/div>\n<\/div>\n\n\n\n<div class=\"wp-block-columns is-layout-flex wp-container-core-columns-is-layout-9d6595d7 wp-block-columns-is-layout-flex\">\n<div class=\"wp-block-column is-layout-flow wp-block-column-is-layout-flow\" style=\"flex-basis:20%\"><div class=\"wp-block-image\">\n<figure class=\"aligncenter size-full is-resized\"><a href=\"https:\/\/www.adoptionefa.org\/ladoption\/adoption-internationale\/ladoption-par-lagence-francaise-de-ladoption-afa\/\" target=\"_blank\" rel=\"noreferrer noopener\"><img loading=\"lazy\" decoding=\"async\" width=\"430\" height=\"252\" src=\"https:\/\/efa53.fr\/wordpress\/wp-content\/uploads\/2024\/01\/AFA.png\" alt=\"\" class=\"wp-image-280\" style=\"width:150px\" srcset=\"https:\/\/efa53.fr\/wordpress\/wp-content\/uploads\/2024\/01\/AFA.png 430w, https:\/\/efa53.fr\/wordpress\/wp-content\/uploads\/2024\/01\/AFA-300x176.png 300w\" sizes=\"auto, (max-width: 430px) 100vw, 430px\" \/><\/a><\/figure>\n<\/div><\/div>\n\n\n\n<div class=\"wp-block-column is-layout-flow wp-block-column-is-layout-flow\" style=\"flex-basis:90%\">\n<ul class=\"wp-block-list\">\n<li><strong>Site de l&rsquo;AFA<\/strong>: L\u2019Agence fran\u00e7aise de l\u2019adoption est un organisme public d\u2019adoption cr\u00e9\u00e9 en 2005. <\/li>\n<\/ul>\n<\/div>\n<\/div>\n\n\n\n<div class=\"wp-block-columns is-layout-flex wp-container-core-columns-is-layout-9d6595d7 wp-block-columns-is-layout-flex\">\n<div class=\"wp-block-column is-layout-flow wp-block-column-is-layout-flow\" style=\"flex-basis:20%\"><div class=\"wp-block-image\">\n<figure class=\"aligncenter size-full\"><a href=\"https:\/\/www.udaf53.fr\/\" target=\"_blank\" rel=\"noreferrer noopener\"><img loading=\"lazy\" decoding=\"async\" width=\"311\" height=\"154\" src=\"https:\/\/efa53.fr\/wordpress\/wp-content\/uploads\/2024\/01\/logo_Udaf.png\" alt=\"\" class=\"wp-image-290\" srcset=\"https:\/\/efa53.fr\/wordpress\/wp-content\/uploads\/2024\/01\/logo_Udaf.png 311w, https:\/\/efa53.fr\/wordpress\/wp-content\/uploads\/2024\/01\/logo_Udaf-300x149.png 300w\" sizes=\"auto, (max-width: 311px) 100vw, 311px\" \/><\/a><\/figure>\n<\/div><\/div>\n\n\n\n<div class=\"wp-block-column is-layout-flow wp-block-column-is-layout-flow\" style=\"flex-basis:90%\">\n<ul class=\"wp-block-list\">\n<li><strong>Site de l&rsquo;UDAF<\/strong>: En adh\u00e9rant \u00e0 EFA 53, vous devenez adh\u00e9rent de l&rsquo;UDAF 53. L\u2019Union D\u00e9partementale des Associations Familiales repr\u00e9sente et soutient les familles vivant sur le d\u00e9partement. Elle d\u00e9fend leurs int\u00e9r\u00eats et les accompagne en fonction de leur besoin. L\u2019UDAF53 propose des services d\u2019information, d\u2019accueil et d\u2019accompagnement&nbsp;dans plusieurs domaines&nbsp;: parentalit\u00e9, m\u00e9diation familiale, logement, budget, consommation et protection des personnes.<\/li>\n<\/ul>\n<\/div>\n<\/div>\n\n\n\n<div class=\"wp-block-columns is-layout-flex wp-container-core-columns-is-layout-9d6595d7 wp-block-columns-is-layout-flex\">\n<div class=\"wp-block-column is-layout-flow wp-block-column-is-layout-flow\" style=\"flex-basis:20%\"><div class=\"wp-block-image\">\n<figure class=\"aligncenter size-full is-resized\"><a href=\"https:\/\/erf.adoptionefa.org\/\" target=\"_blank\" rel=\"noreferrer noopener\"><img loading=\"lazy\" decoding=\"async\" width=\"300\" height=\"268\" src=\"https:\/\/efa53.fr\/wordpress\/wp-content\/uploads\/2024\/02\/logo-ERF.jpg\" alt=\"\" class=\"wp-image-483\" style=\"width:125px\"\/><\/a><\/figure>\n<\/div><\/div>\n\n\n\n<div class=\"wp-block-column is-layout-flow wp-block-column-is-layout-flow\" style=\"flex-basis:90%\">\n<ul class=\"wp-block-list\">\n<li><strong>Site d&rsquo;ERF:<\/strong> Enfants en recherche de famille (ERF) est un service d\u2019Enfance &amp; familles d\u2019adoption (EFA) d\u00e9di\u00e9 \u00e0 l\u2019accompagnement de projets de vie p\u00e9renne pour des enfants pupilles rares et exceptionnels cumulant les besoins sp\u00e9cifiques.<\/li>\n<\/ul>\n<\/div>\n<\/div>\n\n\n\n<div class=\"wp-block-columns is-layout-flex wp-container-core-columns-is-layout-9d6595d7 wp-block-columns-is-layout-flex\">\n<div class=\"wp-block-column is-layout-flow wp-block-column-is-layout-flow\" style=\"flex-basis:20%\"><div class=\"wp-block-image\">\n<figure class=\"aligncenter size-full is-resized\"><a href=\"https:\/\/www.diplomatie.gouv.fr\/fr\/adopter-a-l-etranger\/la-mission-de-l-adoption-internationale\/\" target=\"_blank\" rel=\"noreferrer noopener\"><img loading=\"lazy\" decoding=\"async\" width=\"72\" height=\"72\" src=\"https:\/\/efa53.fr\/wordpress\/wp-content\/uploads\/2023\/08\/sai.jpg\" alt=\"\" class=\"wp-image-45\" style=\"width:72px;height:auto\"\/><\/a><\/figure>\n<\/div><\/div>\n\n\n\n<div class=\"wp-block-column is-layout-flow wp-block-column-is-layout-flow\" style=\"flex-basis:90%\">\n<ul class=\"wp-block-list\">\n<li><strong>Site de la MAI:<\/strong> La Mission de l\u2019adoption internationale (MAI) est l\u2019autorit\u00e9 centrale pr\u00e9vue par la Convention de La Haye de 1993 sur la protection des enfants et la coop\u00e9ration en mati\u00e8re d\u2019adoption internationale. Cr\u00e9\u00e9e par un d\u00e9cret du 14 avril 2009, la MAI est rattach\u00e9e au minist\u00e8re de l\u2019Europe et des Affaires \u00e9trang\u00e8res.<\/li>\n<\/ul>\n<\/div>\n<\/div>\n","protected":false},"excerpt":{"rendered":"<p>Cliquez sur les images\/logos pour acc\u00e9der aux sites qui vous int\u00e9ressent ! Sites importants:<\/p>\n","protected":false},"author":1,"featured_media":0,"parent":0,"menu_order":0,"comment_status":"closed","ping_status":"closed","template":"","meta":{"ocean_post_layout":"","ocean_both_sidebars_style":"","ocean_both_sidebars_content_width":0,"ocean_both_sidebars_sidebars_width":0,"ocean_sidebar":"0","ocean_second_sidebar":"0","ocean_disable_margins":"enable","ocean_add_body_class":"","ocean_shortcode_before_top_bar":"","ocean_shortcode_after_top_bar":"","ocean_shortcode_before_header":"","ocean_shortcode_after_header":"","ocean_has_shortcode":"","ocean_shortcode_after_title":"","ocean_shortcode_before_footer_widgets":"","ocean_shortcode_after_footer_widgets":"","ocean_shortcode_before_footer_bottom":"","ocean_shortcode_after_footer_bottom":"","ocean_display_top_bar":"default","ocean_display_header":"default","ocean_header_style":"","ocean_center_header_left_menu":"0","ocean_custom_header_template":"0","ocean_custom_logo":0,"ocean_custom_retina_logo":0,"ocean_custom_logo_max_width":0,"ocean_custom_logo_tablet_max_width":0,"ocean_custom_logo_mobile_max_width":0,"ocean_custom_logo_max_height":0,"ocean_custom_logo_tablet_max_height":0,"ocean_custom_logo_mobile_max_height":0,"ocean_header_custom_menu":"0","ocean_menu_typo_font_family":"0","ocean_menu_typo_font_subset":"","ocean_menu_typo_font_size":0,"ocean_menu_typo_font_size_tablet":0,"ocean_menu_typo_font_size_mobile":0,"ocean_menu_typo_font_size_unit":"px","ocean_menu_typo_font_weight":"","ocean_menu_typo_font_weight_tablet":"","ocean_menu_typo_font_weight_mobile":"","ocean_menu_typo_transform":"","ocean_menu_typo_transform_tablet":"","ocean_menu_typo_transform_mobile":"","ocean_menu_typo_line_height":0,"ocean_menu_typo_line_height_tablet":0,"ocean_menu_typo_line_height_mobile":0,"ocean_menu_typo_line_height_unit":"","ocean_menu_typo_spacing":0,"ocean_menu_typo_spacing_tablet":0,"ocean_menu_typo_spacing_mobile":0,"ocean_menu_typo_spacing_unit":"","ocean_menu_link_color":"","ocean_menu_link_color_hover":"","ocean_menu_link_color_active":"","ocean_menu_link_background":"","ocean_menu_link_hover_background":"","ocean_menu_link_active_background":"","ocean_menu_social_links_bg":"","ocean_menu_social_hover_links_bg":"","ocean_menu_social_links_color":"","ocean_menu_social_hover_links_color":"","ocean_disable_title":"default","ocean_disable_heading":"default","ocean_post_title":"","ocean_post_subheading":"","ocean_post_title_style":"","ocean_post_title_background_color":"","ocean_post_title_background":0,"ocean_post_title_bg_image_position":"","ocean_post_title_bg_image_attachment":"","ocean_post_title_bg_image_repeat":"","ocean_post_title_bg_image_size":"","ocean_post_title_height":0,"ocean_post_title_bg_overlay":0.5,"ocean_post_title_bg_overlay_color":"","ocean_disable_breadcrumbs":"default","ocean_breadcrumbs_color":"","ocean_breadcrumbs_separator_color":"","ocean_breadcrumbs_links_color":"","ocean_breadcrumbs_links_hover_color":"","ocean_display_footer_widgets":"default","ocean_display_footer_bottom":"default","ocean_custom_footer_template":"0","footnotes":""},"class_list":["post-35","page","type-page","status-publish","hentry","entry"],"_links":{"self":[{"href":"https:\/\/efa53.fr\/wordpress\/index.php\/wp-json\/wp\/v2\/pages\/35","targetHints":{"allow":["GET"]}}],"collection":[{"href":"https:\/\/efa53.fr\/wordpress\/index.php\/wp-json\/wp\/v2\/pages"}],"about":[{"href":"https:\/\/efa53.fr\/wordpress\/index.php\/wp-json\/wp\/v2\/types\/page"}],"author":[{"embeddable":true,"href":"https:\/\/efa53.fr\/wordpress\/index.php\/wp-json\/wp\/v2\/users\/1"}],"replies":[{"embeddable":true,"href":"https:\/\/efa53.fr\/wordpress\/index.php\/wp-json\/wp\/v2\/comments?post=35"}],"version-history":[{"count":22,"href":"https:\/\/efa53.fr\/wordpress\/index.php\/wp-json\/wp\/v2\/pages\/35\/revisions"}],"predecessor-version":[{"id":785,"href":"https:\/\/efa53.fr\/wordpress\/index.php\/wp-json\/wp\/v2\/pages\/35\/revisions\/785"}],"wp:attachment":[{"href":"https:\/\/efa53.fr\/wordpress\/index.php\/wp-json\/wp\/v2\/media?parent=35"}],"curies":[{"name":"wp","href":"https:\/\/api.w.org\/{rel}","templated":true}]}}