{"id":15,"date":"2023-04-17T12:24:38","date_gmt":"2023-04-17T12:24:38","guid":{"rendered":"https:\/\/efa53.fr\/wordpress\/?page_id=15"},"modified":"2026-03-30T14:52:38","modified_gmt":"2026-03-30T14:52:38","slug":"home","status":"publish","type":"page","link":"https:\/\/efa53.fr\/wordpress\/","title":{"rendered":"Bienvenue sur le site d&rsquo;Enfance et Familles d&rsquo;Adoption de la Mayenne !"},"content":{"rendered":"\n<figure class=\"wp-block-image size-large\"><img loading=\"lazy\" decoding=\"async\" width=\"1024\" height=\"487\" src=\"https:\/\/efa53.fr\/wordpress\/wp-content\/uploads\/2026\/01\/carte_voeuxefa_2052-1500x714-1-1024x487.jpg\" alt=\"\" class=\"wp-image-988\" srcset=\"https:\/\/efa53.fr\/wordpress\/wp-content\/uploads\/2026\/01\/carte_voeuxefa_2052-1500x714-1-1024x487.jpg 1024w, https:\/\/efa53.fr\/wordpress\/wp-content\/uploads\/2026\/01\/carte_voeuxefa_2052-1500x714-1-300x143.jpg 300w, https:\/\/efa53.fr\/wordpress\/wp-content\/uploads\/2026\/01\/carte_voeuxefa_2052-1500x714-1-768x366.jpg 768w, https:\/\/efa53.fr\/wordpress\/wp-content\/uploads\/2026\/01\/carte_voeuxefa_2052-1500x714-1.jpg 1500w\" sizes=\"auto, (max-width: 1024px) 100vw, 1024px\" \/><\/figure>\n\n\n\n<p class=\"has-medium-font-size\"><strong>Qui sommes-nous ?<\/strong><\/p>\n\n\n\n<div class=\"wp-block-columns is-layout-flex wp-container-core-columns-is-layout-9d6595d7 wp-block-columns-is-layout-flex\">\n<div class=\"wp-block-column is-layout-flow wp-block-column-is-layout-flow\" style=\"flex-basis:25%\">\n<figure class=\"wp-block-image size-full is-resized\"><img loading=\"lazy\" decoding=\"async\" width=\"698\" height=\"514\" src=\"https:\/\/efa53.fr\/wordpress\/wp-content\/uploads\/2024\/01\/logo-EFA-Mayenne.jpg\" alt=\"\" class=\"wp-image-196\" style=\"aspect-ratio:1.2732558139534884;width:213px;height:auto\" srcset=\"https:\/\/efa53.fr\/wordpress\/wp-content\/uploads\/2024\/01\/logo-EFA-Mayenne.jpg 698w, https:\/\/efa53.fr\/wordpress\/wp-content\/uploads\/2024\/01\/logo-EFA-Mayenne-300x221.jpg 300w\" sizes=\"auto, (max-width: 698px) 100vw, 698px\" \/><\/figure>\n<\/div>\n\n\n\n<div class=\"wp-block-column is-layout-flow wp-block-column-is-layout-flow\" style=\"flex-basis:75%\">\n<p class=\"has-background\" style=\"background-color:#fcf16ad1\">EFA 53 est une association familiale qui regroupe, en Mayenne, les candidats en cours de d\u00e9marche d&rsquo;adoption, les familles ayant adopt\u00e9 un ou plusieurs enfants ainsi que des adopt\u00e9s adultes.<br>EFA 53 appartient \u00e0 la f\u00e9d\u00e9ration nationale des familles adoptives \u00ab\u00a0Enfance et Familles d&rsquo;Adoption\u00a0\u00bb qui est un interlocuteur privil\u00e9gi\u00e9 aupr\u00e8s des pouvoirs publics en mati\u00e8re d&rsquo;adoption.<br>Chaque association d\u00e9partementale fonctionne comme une association ind\u00e9pendante, avec son propre conseil d&rsquo;administration.<br>Sur le plan local nous repr\u00e9sentons les familles adoptives dans diverses structures (Conseil de Famille, UDAF).<\/p>\n<\/div>\n\n\n\n<div class=\"wp-block-column is-layout-flow wp-block-column-is-layout-flow\"><\/div>\n<\/div>\n\n\n\n<p class=\"has-medium-font-size\"><strong>Nos objectifs:<\/strong><\/p>\n\n\n\n<ul class=\"wp-block-list\">\n<li>Nous <strong>accueillons <\/strong>les familles qui <strong>d\u00e9sirent adopter<\/strong> un enfant, en <strong>France ou \u00e0 l&rsquo;\u00e9tranger<\/strong>, en les <strong>informant<\/strong>, en les aidant \u00e0 clarifier leur projet et \u00e0 \u00e9valuer leurs limites.<\/li>\n\n\n\n<li>Nous organisons des <strong>rencontres<\/strong> entre familles adoptives afin qu&rsquo;elles puissent <strong>\u00e9changer<\/strong> leurs exp\u00e9riences et <strong>s&rsquo;entraider<\/strong>.<\/li>\n\n\n\n<li>Nous <strong>recherchons <\/strong>des solutions pour les enfants priv\u00e9s de famille <strong>avec les partenaires sociaux<\/strong>.<\/li>\n\n\n\n<li>Nous <strong>t\u00e9moignons<\/strong> sur l&rsquo;adoption.<\/li>\n<\/ul>\n\n\n\n<p class=\"has-black-color has-vivid-cyan-blue-background-color has-text-color has-background has-link-color wp-elements-45bbf1b30b70fea8202f1a1db8421e01\">Si vous souhaitez avoir plus d&rsquo;informations, vous pouvez nous contacter via l&rsquo;adresse mail suivante: <strong>assoefa53@gmail.com<\/strong> ou au <strong>06 44 08 02 63 <\/strong>(le soir entre 19h30 et 22h30).<\/p>\n\n\n\n<p>Sur le site national d&rsquo;EFA, vous trouverez de nombreuses informations sur <strong>l&rsquo;adoption en France<\/strong> (cliquez <a href=\"https:\/\/www.adoptionefa.org\/ladoption\/adopter-en-france\/adopter-en-france\/\" data-type=\"link\" data-id=\"https:\/\/www.adoptionefa.org\/ladoption\/adopter-en-france\/adopter-en-france\/\" target=\"_blank\" rel=\"noreferrer noopener\">ici<\/a>), ou sur <strong>l&rsquo;adoption internationale<\/strong> (<a href=\"https:\/\/www.adoptionefa.org\/ladoption\/adoption-internationale\/adopter-a-letranger\/\" data-type=\"link\" data-id=\"https:\/\/www.adoptionefa.org\/ladoption\/adoption-internationale\/adopter-a-letranger\/\" target=\"_blank\" rel=\"noreferrer noopener\">ici<\/a>).<\/p>\n\n\n<div class=\"wp-block-image\">\n<figure class=\"alignleft size-full is-resized\"><a href=\"https:\/\/erf.adoptionefa.org\/\" target=\"_blank\" rel=\"noreferrer noopener\"><img loading=\"lazy\" decoding=\"async\" width=\"300\" height=\"268\" src=\"https:\/\/efa53.fr\/wordpress\/wp-content\/uploads\/2024\/02\/logo-ERF.jpg\" alt=\"\" class=\"wp-image-483\" style=\"width:150px\"\/><\/a><\/figure>\n<\/div>\n\n\n<p>Un service d&rsquo;EFA pour les enfants dits \u00ab\u00a0\u00e0 particularit\u00e9\u00a0\u00bb (\u00ab\u00a0grands\u00a0\u00bb, en fratrie, porteurs d&rsquo;un handicap\/ d&rsquo;une maladie, &#8230;), nomm\u00e9 <strong>ERF (Enfants en Recherche de Famille)<\/strong>, permet de rapprocher ces enfants et des couples d\u00e9sireux et capables d&rsquo;adopter un enfant qui pr\u00e9sente des caract\u00e9ristiques rendant le projet d&rsquo;adoption plus complexe. Vous pouvez cliquer <a href=\"https:\/\/efa53.fr\/wordpress\/wp-content\/uploads\/2026\/03\/bilan-ERF-2025.pdf\" target=\"_blank\" rel=\"noreferrer noopener\">ici<\/a> pour consulter <mark style=\"background-color:rgba(0, 0, 0, 0)\" class=\"has-inline-color has-pale-cyan-blue-color\">leur bilan de l&rsquo;ann\u00e9e 2025<\/mark>. Pour plus de renseignements, rendez-vous sur le site national d&rsquo;EFA (<a href=\"https:\/\/www.adoptionefa.org\/efa-qui-sommes-nous\/enfants-en-recherche-de-famille\/\" target=\"_blank\" rel=\"noreferrer noopener\">ici<\/a>).<\/p>\n\n\n\n<p class=\"has-medium-font-size\"><strong>A noter :<\/strong><\/p>\n\n\n\n<p><em>L&rsquo;association EFA de votre d\u00e9partement est une association type loi 1901, d\u00e9clar\u00e9e \u00e0 la pr\u00e9fecture. Elle est membre de la f\u00e9d\u00e9ration nationale EFA, reconnue d&rsquo;utilit\u00e9 publique par d\u00e9cret du 5 novembre 1984.<\/em><\/p>\n\n\n\n<ul class=\"wp-block-list\">\n<li><mark style=\"background-color:rgba(0, 0, 0, 0)\" class=\"has-inline-color has-vivid-cyan-blue-color\">L&rsquo;association<\/mark> <mark style=\"background-color:rgba(0, 0, 0, 0)\" class=\"has-inline-color has-vivid-cyan-blue-color\">EFA n&rsquo;est pas un organisme d&rsquo;adoption: elle ne confie pas d&rsquo;enfants aux familles.<\/mark><\/li>\n\n\n\n<li><mark style=\"background-color:rgba(0, 0, 0, 0)\" class=\"has-inline-color has-vivid-cyan-blue-color\">EFA 53 re\u00e7oit des demandes de stages, notamment pour des \u00e9l\u00e8ves en fili\u00e8re ST2S. Nous ne pouvons y r\u00e9pondre favorablement. En effet, notre association est uniquement constitu\u00e9e de membres b\u00e9n\u00e9voles et ne dispose pas de structures adapt\u00e9es \u00e0 l&rsquo;accueil de stagiaires.<\/mark><\/li>\n<\/ul>\n\n\n\n<figure class=\"wp-block-image size-full is-resized\"><a href=\"https:\/\/www.adoptionefa.org\/efa-qui-sommes-nous\/accompagner-les-familles\/accompagner-et-ecouter-les-familles\/la-ligne-nationale-decoute\/\" target=\"_blank\" rel=\"noreferrer noopener\"><img loading=\"lazy\" decoding=\"async\" width=\"785\" height=\"392\" src=\"https:\/\/efa53.fr\/wordpress\/wp-content\/uploads\/2024\/01\/ligne-decoute.jpg\" alt=\"\" class=\"wp-image-199\" style=\"width:600px\" srcset=\"https:\/\/efa53.fr\/wordpress\/wp-content\/uploads\/2024\/01\/ligne-decoute.jpg 785w, https:\/\/efa53.fr\/wordpress\/wp-content\/uploads\/2024\/01\/ligne-decoute-300x150.jpg 300w, https:\/\/efa53.fr\/wordpress\/wp-content\/uploads\/2024\/01\/ligne-decoute-768x384.jpg 768w\" sizes=\"auto, (max-width: 785px) 100vw, 785px\" \/><\/a><\/figure>\n","protected":false},"excerpt":{"rendered":"<p>Qui sommes-nous ? EFA 53 est une association familiale qui regroupe, en Mayenne, les candidats en cours de d\u00e9marche d&rsquo;adoption, les familles ayant adopt\u00e9 un ou plusieurs enfants ainsi que [&hellip;]<\/p>\n","protected":false},"author":1,"featured_media":0,"parent":0,"menu_order":0,"comment_status":"closed","ping_status":"closed","template":"","meta":{"ocean_post_layout":"","ocean_both_sidebars_style":"","ocean_both_sidebars_content_width":0,"ocean_both_sidebars_sidebars_width":0,"ocean_sidebar":"0","ocean_second_sidebar":"0","ocean_disable_margins":"enable","ocean_add_body_class":"","ocean_shortcode_before_top_bar":"","ocean_shortcode_after_top_bar":"","ocean_shortcode_before_header":"","ocean_shortcode_after_header":"","ocean_has_shortcode":"","ocean_shortcode_after_title":"","ocean_shortcode_before_footer_widgets":"","ocean_shortcode_after_footer_widgets":"","ocean_shortcode_before_footer_bottom":"","ocean_shortcode_after_footer_bottom":"","ocean_display_top_bar":"default","ocean_display_header":"default","ocean_header_style":"","ocean_center_header_left_menu":"0","ocean_custom_header_template":"0","ocean_custom_logo":0,"ocean_custom_retina_logo":0,"ocean_custom_logo_max_width":0,"ocean_custom_logo_tablet_max_width":0,"ocean_custom_logo_mobile_max_width":0,"ocean_custom_logo_max_height":0,"ocean_custom_logo_tablet_max_height":0,"ocean_custom_logo_mobile_max_height":0,"ocean_header_custom_menu":"0","ocean_menu_typo_font_family":"0","ocean_menu_typo_font_subset":"","ocean_menu_typo_font_size":0,"ocean_menu_typo_font_size_tablet":0,"ocean_menu_typo_font_size_mobile":0,"ocean_menu_typo_font_size_unit":"px","ocean_menu_typo_font_weight":"","ocean_menu_typo_font_weight_tablet":"","ocean_menu_typo_font_weight_mobile":"","ocean_menu_typo_transform":"","ocean_menu_typo_transform_tablet":"","ocean_menu_typo_transform_mobile":"","ocean_menu_typo_line_height":0,"ocean_menu_typo_line_height_tablet":0,"ocean_menu_typo_line_height_mobile":0,"ocean_menu_typo_line_height_unit":"","ocean_menu_typo_spacing":0,"ocean_menu_typo_spacing_tablet":0,"ocean_menu_typo_spacing_mobile":0,"ocean_menu_typo_spacing_unit":"","ocean_menu_link_color":"","ocean_menu_link_color_hover":"","ocean_menu_link_color_active":"","ocean_menu_link_background":"","ocean_menu_link_hover_background":"","ocean_menu_link_active_background":"","ocean_menu_social_links_bg":"","ocean_menu_social_hover_links_bg":"","ocean_menu_social_links_color":"","ocean_menu_social_hover_links_color":"","ocean_disable_title":"default","ocean_disable_heading":"default","ocean_post_title":"","ocean_post_subheading":"","ocean_post_title_style":"","ocean_post_title_background_color":"","ocean_post_title_background":0,"ocean_post_title_bg_image_position":"","ocean_post_title_bg_image_attachment":"","ocean_post_title_bg_image_repeat":"","ocean_post_title_bg_image_size":"","ocean_post_title_height":0,"ocean_post_title_bg_overlay":0.5,"ocean_post_title_bg_overlay_color":"","ocean_disable_breadcrumbs":"default","ocean_breadcrumbs_color":"","ocean_breadcrumbs_separator_color":"","ocean_breadcrumbs_links_color":"","ocean_breadcrumbs_links_hover_color":"","ocean_display_footer_widgets":"default","ocean_display_footer_bottom":"default","ocean_custom_footer_template":"0","footnotes":""},"class_list":["post-15","page","type-page","status-publish","hentry","entry"],"_links":{"self":[{"href":"https:\/\/efa53.fr\/wordpress\/index.php\/wp-json\/wp\/v2\/pages\/15","targetHints":{"allow":["GET"]}}],"collection":[{"href":"https:\/\/efa53.fr\/wordpress\/index.php\/wp-json\/wp\/v2\/pages"}],"about":[{"href":"https:\/\/efa53.fr\/wordpress\/index.php\/wp-json\/wp\/v2\/types\/page"}],"author":[{"embeddable":true,"href":"https:\/\/efa53.fr\/wordpress\/index.php\/wp-json\/wp\/v2\/users\/1"}],"replies":[{"embeddable":true,"href":"https:\/\/efa53.fr\/wordpress\/index.php\/wp-json\/wp\/v2\/comments?post=15"}],"version-history":[{"count":39,"href":"https:\/\/efa53.fr\/wordpress\/index.php\/wp-json\/wp\/v2\/pages\/15\/revisions"}],"predecessor-version":[{"id":1062,"href":"https:\/\/efa53.fr\/wordpress\/index.php\/wp-json\/wp\/v2\/pages\/15\/revisions\/1062"}],"wp:attachment":[{"href":"https:\/\/efa53.fr\/wordpress\/index.php\/wp-json\/wp\/v2\/media?parent=15"}],"curies":[{"name":"wp","href":"https:\/\/api.w.org\/{rel}","templated":true}]}}